{"id":273,"date":"2017-05-05T12:05:05","date_gmt":"2017-05-05T12:05:05","guid":{"rendered":"http:\/\/bufet-valles.com\/?page_id=273\/"},"modified":"2017-05-09T11:23:33","modified_gmt":"2017-05-09T11:23:33","slug":"the-firm","status":"publish","type":"page","link":"https:\/\/bufet-valles.com\/en\/the-firm\/","title":{"rendered":"THE FIRM"},"content":{"rendered":"<p>[et_pb_section bb_built=&#8221;1&#8243; admin_label=&#8221;Secci\u00f3n&#8221; fullwidth=&#8221;on&#8221; specialty=&#8221;off&#8221;][et_pb_fullwidth_header admin_label=&#8221;T\u00edtulo de anchura completa&#8221; title=&#8221;THE FIRM&#8221; background_layout=&#8221;dark&#8221; text_orientation=&#8221;left&#8221; header_fullscreen=&#8221;off&#8221; header_scroll_down=&#8221;off&#8221; background_url=&#8221;http:\/\/bufet-valles.com\/wp-content\/uploads\/2017\/03\/VALLESslidersFAC\u0327ANA4.png&#8221; parallax=&#8221;off&#8221; parallax_method=&#8221;off&#8221; content_orientation=&#8221;center&#8221; image_orientation=&#8221;center&#8221; custom_button_one=&#8221;off&#8221; button_one_letter_spacing=&#8221;0&#8243; button_one_use_icon=&#8221;default&#8221; button_one_icon_placement=&#8221;right&#8221; button_one_on_hover=&#8221;on&#8221; button_one_letter_spacing_hover=&#8221;0&#8243; custom_button_two=&#8221;off&#8221; button_two_letter_spacing=&#8221;0&#8243; button_two_use_icon=&#8221;default&#8221; button_two_icon_placement=&#8221;right&#8221; button_two_on_hover=&#8221;on&#8221; button_two_letter_spacing_hover=&#8221;0&#8243; subhead=&#8221;%22From 1971 offering service with maximum precision and reliability.%22&#8243; subhead_font_size=&#8221;25&#8243; subhead_font_color=&#8221;#000000&#8243; \/][\/et_pb_section][et_pb_section bb_built=&#8221;1&#8243; admin_label=&#8221;section&#8221; transparent_background=&#8221;off&#8221; background_color=&#8221;rgba(224,216,199,0.57)&#8221; allow_player_pause=&#8221;off&#8221; inner_shadow=&#8221;off&#8221; parallax=&#8221;off&#8221; parallax_method=&#8221;on&#8221; make_fullwidth=&#8221;off&#8221; use_custom_width=&#8221;off&#8221; width_unit=&#8221;on&#8221; make_equal=&#8221;off&#8221; use_custom_gutter=&#8221;off&#8221;][et_pb_row admin_label=&#8221;row&#8221;][et_pb_column type=&#8221;1_3&#8243;][et_pb_image admin_label=&#8221;Imagen&#8221; src=&#8221;http:\/\/bufet-valles.com\/wp-content\/uploads\/2017\/03\/Universitat-Barcelona2_Carrusel-1.jpg&#8221; show_in_lightbox=&#8221;off&#8221; url_new_window=&#8221;off&#8221; use_overlay=&#8221;off&#8221; animation=&#8221;left&#8221; sticky=&#8221;off&#8221; align=&#8221;left&#8221; force_fullwidth=&#8221;off&#8221; always_center_on_mobile=&#8221;on&#8221; use_border_color=&#8221;off&#8221; border_color=&#8221;#ffffff&#8221; border_style=&#8221;solid&#8221; \/][et_pb_toggle admin_label=&#8221;Conmutador&#8221; title=&#8221;Our founder&#8221; open=&#8221;off&#8221; use_border_color=&#8221;off&#8221; border_color=&#8221;#ffffff&#8221; border_style=&#8221;solid&#8221; open_toggle_text_color=&#8221;#e09900&#8243; body_text_color=&#8221;#000000&#8243; closed_toggle_background_color=&#8221;#828282&#8243; closed_toggle_text_color=&#8221;#ffffff&#8221;]<\/p>\n<p class=\"p1\"><span class=\"s1\">Mr. <strong>Pere Vall\u00e8s Arb\u00f3s<\/strong>, graduated from the Central University of Barcelona (Alfa-Pedralbes promotion).<\/span><\/p>\n<p class=\"p1\"><span class=\"s1\">He practised the profession with commitment and intensity for more than 45 years, having specialized in the branches of Civil Law, Real Estate Law and Litigation.<\/span><\/p>\n<p>[\/et_pb_toggle][\/et_pb_column][et_pb_column type=&#8221;2_3&#8243;][et_pb_text admin_label=&#8221;Texto&#8221; background_layout=&#8221;light&#8221; text_orientation=&#8221;left&#8221; use_border_color=&#8221;off&#8221; border_color=&#8221;#ffffff&#8221; border_style=&#8221;solid&#8221;]<\/p>\n<p><span class=\"s2\">Founded in 1971 by <b>Pere Vall\u00e8s Arb\u00f3s<\/b>, after years working for different firms of recognized solvency in Barcelona<\/span><\/p>\n<p><span class=\"s2\">Backed by a generational change, <b>ARB\u00d3S HOME FIRM<\/b> is a multidisciplinary law firm whose high profile of the quarantine of professionals who form part of its team ensure comprehensive advice to their clients from the offices in Barcelona and Madrid.<\/span><\/p>\n<p class=\"p1\"><span class=\"s1\">Throughout more than 45 years of experience we have managed to reach the goals proposed when the firm was founded, consisting of being able to win the trust and recognition of our customers.<\/span><\/p>\n<p>[\/et_pb_text][\/et_pb_column][\/et_pb_row][\/et_pb_section]<\/p>\n","protected":false},"excerpt":{"rendered":"<p>Mr. Pere Vall\u00e8s Arb\u00f3s, graduated from the Central University of Barcelona (Alfa-Pedralbes promotion). He practised the profession with commitment and intensity for more than 45 years, having specialized in the branches of Civil Law, Real Estate Law and Litigation. Founded in 1971 by Pere Vall\u00e8s Arb\u00f3s, after years working for different firms of recognized solvency [&hellip;]<\/p>\n","protected":false},"author":1,"featured_media":0,"parent":0,"menu_order":0,"comment_status":"closed","ping_status":"closed","template":"","meta":{"_et_pb_use_builder":"on","_et_pb_old_content":"","_et_gb_content_width":"","footnotes":""},"class_list":["post-273","page","type-page","status-publish","hentry"],"yoast_head":"<!-- This site is optimized with the Yoast SEO plugin v23.4 - https:\/\/yoast.com\/wordpress\/plugins\/seo\/ -->\n<title>THE FIRM - BUFET VALL\u00c8S ARB\u00d3S<\/title>\n<meta name=\"robots\" content=\"index, follow, max-snippet:-1, max-image-preview:large, max-video-preview:-1\" \/>\n<link rel=\"canonical\" href=\"https:\/\/bufet-valles.com\/en\/the-firm\/\" \/>\n<meta property=\"og:locale\" content=\"en_US\" \/>\n<meta property=\"og:type\" content=\"article\" \/>\n<meta property=\"og:title\" content=\"THE FIRM - BUFET VALL\u00c8S ARB\u00d3S\" \/>\n<meta property=\"og:description\" content=\"Mr. Pere Vall\u00e8s Arb\u00f3s, graduated from the Central University of Barcelona (Alfa-Pedralbes promotion). He practised the profession with commitment and intensity for more than 45 years, having specialized in the branches of Civil Law, Real Estate Law and Litigation. Founded in 1971 by Pere Vall\u00e8s Arb\u00f3s, after years working for different firms of recognized solvency [&hellip;]\" \/>\n<meta property=\"og:url\" content=\"https:\/\/bufet-valles.com\/en\/the-firm\/\" \/>\n<meta property=\"og:site_name\" content=\"BUFET VALL\u00c8S ARB\u00d3S\" \/>\n<meta property=\"article:modified_time\" content=\"2017-05-09T11:23:33+00:00\" \/>\n<meta name=\"twitter:card\" content=\"summary_large_image\" \/>\n<meta name=\"twitter:label1\" content=\"Est. reading time\" \/>\n\t<meta name=\"twitter:data1\" content=\"2 minutes\" \/>\n<script type=\"application\/ld+json\" class=\"yoast-schema-graph\">{\"@context\":\"https:\/\/schema.org\",\"@graph\":[{\"@type\":\"WebPage\",\"@id\":\"https:\/\/bufet-valles.com\/en\/the-firm\/\",\"url\":\"https:\/\/bufet-valles.com\/en\/the-firm\/\",\"name\":\"THE FIRM - BUFET VALL\u00c8S ARB\u00d3S\",\"isPartOf\":{\"@id\":\"https:\/\/bufet-valles.com\/#website\"},\"datePublished\":\"2017-05-05T12:05:05+00:00\",\"dateModified\":\"2017-05-09T11:23:33+00:00\",\"breadcrumb\":{\"@id\":\"https:\/\/bufet-valles.com\/en\/the-firm\/#breadcrumb\"},\"inLanguage\":\"en-US\",\"potentialAction\":[{\"@type\":\"ReadAction\",\"target\":[\"https:\/\/bufet-valles.com\/en\/the-firm\/\"]}]},{\"@type\":\"BreadcrumbList\",\"@id\":\"https:\/\/bufet-valles.com\/en\/the-firm\/#breadcrumb\",\"itemListElement\":[{\"@type\":\"ListItem\",\"position\":1,\"name\":\"Portada\",\"item\":\"https:\/\/bufet-valles.com\/en\/\"},{\"@type\":\"ListItem\",\"position\":2,\"name\":\"THE FIRM\"}]},{\"@type\":\"WebSite\",\"@id\":\"https:\/\/bufet-valles.com\/#website\",\"url\":\"https:\/\/bufet-valles.com\/\",\"name\":\"BUFET VALLES ADVOCATS BARCELONA\",\"description\":\"ESPECIALITIZATS EN DRET CIVIL, MERCANTIL, IMMOBILIARI, CONCURSAL I DRET PROCESAL I PENAL ECON\u00d2MIC\",\"potentialAction\":[{\"@type\":\"SearchAction\",\"target\":{\"@type\":\"EntryPoint\",\"urlTemplate\":\"https:\/\/bufet-valles.com\/?s={search_term_string}\"},\"query-input\":{\"@type\":\"PropertyValueSpecification\",\"valueRequired\":true,\"valueName\":\"search_term_string\"}}],\"inLanguage\":\"en-US\"}]}<\/script>\n<!-- \/ Yoast SEO plugin. -->","yoast_head_json":{"title":"THE FIRM - BUFET VALL\u00c8S ARB\u00d3S","robots":{"index":"index","follow":"follow","max-snippet":"max-snippet:-1","max-image-preview":"max-image-preview:large","max-video-preview":"max-video-preview:-1"},"canonical":"https:\/\/bufet-valles.com\/en\/the-firm\/","og_locale":"en_US","og_type":"article","og_title":"THE FIRM - BUFET VALL\u00c8S ARB\u00d3S","og_description":"Mr. Pere Vall\u00e8s Arb\u00f3s, graduated from the Central University of Barcelona (Alfa-Pedralbes promotion). He practised the profession with commitment and intensity for more than 45 years, having specialized in the branches of Civil Law, Real Estate Law and Litigation. Founded in 1971 by Pere Vall\u00e8s Arb\u00f3s, after years working for different firms of recognized solvency [&hellip;]","og_url":"https:\/\/bufet-valles.com\/en\/the-firm\/","og_site_name":"BUFET VALL\u00c8S ARB\u00d3S","article_modified_time":"2017-05-09T11:23:33+00:00","twitter_card":"summary_large_image","twitter_misc":{"Est. reading time":"2 minutes"},"schema":{"@context":"https:\/\/schema.org","@graph":[{"@type":"WebPage","@id":"https:\/\/bufet-valles.com\/en\/the-firm\/","url":"https:\/\/bufet-valles.com\/en\/the-firm\/","name":"THE FIRM - BUFET VALL\u00c8S ARB\u00d3S","isPartOf":{"@id":"https:\/\/bufet-valles.com\/#website"},"datePublished":"2017-05-05T12:05:05+00:00","dateModified":"2017-05-09T11:23:33+00:00","breadcrumb":{"@id":"https:\/\/bufet-valles.com\/en\/the-firm\/#breadcrumb"},"inLanguage":"en-US","potentialAction":[{"@type":"ReadAction","target":["https:\/\/bufet-valles.com\/en\/the-firm\/"]}]},{"@type":"BreadcrumbList","@id":"https:\/\/bufet-valles.com\/en\/the-firm\/#breadcrumb","itemListElement":[{"@type":"ListItem","position":1,"name":"Portada","item":"https:\/\/bufet-valles.com\/en\/"},{"@type":"ListItem","position":2,"name":"THE FIRM"}]},{"@type":"WebSite","@id":"https:\/\/bufet-valles.com\/#website","url":"https:\/\/bufet-valles.com\/","name":"BUFET VALLES ADVOCATS BARCELONA","description":"ESPECIALITIZATS EN DRET CIVIL, MERCANTIL, IMMOBILIARI, CONCURSAL I DRET PROCESAL I PENAL ECON\u00d2MIC","potentialAction":[{"@type":"SearchAction","target":{"@type":"EntryPoint","urlTemplate":"https:\/\/bufet-valles.com\/?s={search_term_string}"},"query-input":{"@type":"PropertyValueSpecification","valueRequired":true,"valueName":"search_term_string"}}],"inLanguage":"en-US"}]}},"_links":{"self":[{"href":"https:\/\/bufet-valles.com\/en\/wp-json\/wp\/v2\/pages\/273"}],"collection":[{"href":"https:\/\/bufet-valles.com\/en\/wp-json\/wp\/v2\/pages"}],"about":[{"href":"https:\/\/bufet-valles.com\/en\/wp-json\/wp\/v2\/types\/page"}],"author":[{"embeddable":true,"href":"https:\/\/bufet-valles.com\/en\/wp-json\/wp\/v2\/users\/1"}],"replies":[{"embeddable":true,"href":"https:\/\/bufet-valles.com\/en\/wp-json\/wp\/v2\/comments?post=273"}],"version-history":[{"count":3,"href":"https:\/\/bufet-valles.com\/en\/wp-json\/wp\/v2\/pages\/273\/revisions"}],"predecessor-version":[{"id":420,"href":"https:\/\/bufet-valles.com\/en\/wp-json\/wp\/v2\/pages\/273\/revisions\/420"}],"wp:attachment":[{"href":"https:\/\/bufet-valles.com\/en\/wp-json\/wp\/v2\/media?parent=273"}],"curies":[{"name":"wp","href":"https:\/\/api.w.org\/{rel}","templated":true}]}}