{"id":341,"date":"2017-05-05T12:34:02","date_gmt":"2017-05-05T12:34:02","guid":{"rendered":"http:\/\/bufet-valles.com\/?page_id=341\/"},"modified":"2024-09-19T09:42:33","modified_gmt":"2024-09-19T09:42:33","slug":"inici","status":"publish","type":"page","link":"https:\/\/bufet-valles.com\/es\/","title":{"rendered":"INICIO"},"content":{"rendered":"<p>[et_pb_section bb_built=\u00bb1&#8243; admin_label=\u00bbSecci\u00f3n\u00bb fullwidth=\u00bbon\u00bb specialty=\u00bboff\u00bb][et_pb_fullwidth_slider admin_label=\u00bbControl deslizante de anchura completa\u00bb show_arrows=\u00bbon\u00bb show_pagination=\u00bbon\u00bb auto=\u00bbon\u00bb auto_ignore_hover=\u00bboff\u00bb parallax=\u00bboff\u00bb parallax_method=\u00bboff\u00bb remove_inner_shadow=\u00bboff\u00bb background_position=\u00bbdefault\u00bb background_size=\u00bbdefault\u00bb hide_content_on_mobile=\u00bboff\u00bb hide_cta_on_mobile=\u00bboff\u00bb show_image_video_mobile=\u00bboff\u00bb custom_button=\u00bboff\u00bb button_letter_spacing=\u00bb0&#8243; button_use_icon=\u00bbdefault\u00bb button_icon_placement=\u00bbright\u00bb button_on_hover=\u00bbon\u00bb button_letter_spacing_hover=\u00bb0&#8243;] [et_pb_slide heading=\u00bbBufete VALL\u00c8S ARB\u00d3S\u00bb background_position=\u00bbdefault\u00bb background_size=\u00bbdefault\u00bb background_color=\u00bb#ffffff\u00bb use_bg_overlay=\u00bboff\u00bb use_text_overlay=\u00bboff\u00bb alignment=\u00bbcenter\u00bb background_layout=\u00bblight\u00bb allow_player_pause=\u00bboff\u00bb text_border_radius=\u00bb3&#8243; header_font_select=\u00bbdefault\u00bb header_font=\u00bb||||\u00bb body_font_select=\u00bbdefault\u00bb body_font=\u00bb||||\u00bb custom_button=\u00bbon\u00bb button_font_select=\u00bbdefault\u00bb button_font=\u00bb||||\u00bb button_use_icon=\u00bbdefault\u00bb button_icon_placement=\u00bbright\u00bb button_on_hover=\u00bbon\u00bb background_image=\u00bbhttp:\/\/bufet-valles.com\/wp-content\/uploads\/2016\/05\/VALLESsliders7.png\u00bb button_bg_color=\u00bb#e09900&#8243; header_font_size=\u00bb42&#8243; header_font_size_tablet=\u00bb80&#8243; header_font_size_phone=\u00bb80&#8243; button_text_size_tablet=\u00bb40&#8243; button_text_size_phone=\u00bb40&#8243;]<\/p>\n<h2 id=\"tw-target-text\" class=\"tw-data-text tw-ta tw-text-small\" dir=\"ltr\" data-placeholder=\"Traducci\u00f3\"><span lang=\"es\" style=\"color: #ffffff;\">45 a\u00f1os de rigor profesional en la abogac\u00eda<\/span><\/h2>\n<p>[\/et_pb_slide][et_pb_slide heading=\u00bbBufete VALL\u00c8S ARB\u00d3S\u00bb background_position=\u00bbdefault\u00bb background_size=\u00bbdefault\u00bb background_color=\u00bb#ffffff\u00bb use_bg_overlay=\u00bboff\u00bb use_text_overlay=\u00bboff\u00bb alignment=\u00bbcenter\u00bb background_layout=\u00bblight\u00bb allow_player_pause=\u00bboff\u00bb text_border_radius=\u00bb3&#8243; header_font_select=\u00bbdefault\u00bb header_font=\u00bb||||\u00bb body_font_select=\u00bbdefault\u00bb body_font=\u00bb||||\u00bb custom_button=\u00bbon\u00bb button_font_select=\u00bbdefault\u00bb button_font=\u00bb||||\u00bb button_use_icon=\u00bbdefault\u00bb button_icon_placement=\u00bbright\u00bb button_on_hover=\u00bbon\u00bb background_image=\u00bbhttp:\/\/bufet-valles.com\/wp-content\/uploads\/2016\/05\/VALLESsliders4.png\u00bb button_bg_color=\u00bb#e09900&#8243; header_font_size=\u00bb42&#8243; header_font_size_tablet=\u00bb80&#8243; header_font_size_phone=\u00bb80&#8243; button_text_size_tablet=\u00bb40&#8243; button_text_size_phone=\u00bb40&#8243;]<\/p>\n<h2 id=\"tw-target-text\" class=\"tw-data-text tw-ta tw-text-small\" dir=\"ltr\" data-placeholder=\"Traducci\u00f3\"><span lang=\"es\" style=\"color: #ffffff;\">45 a\u00f1os de rigor profesional en la abogac\u00eda<\/span><\/h2>\n<p>[\/et_pb_slide][et_pb_slide heading=\u00bbBufete VALL\u00c8S ARB\u00d3S\u00bb background_position=\u00bbdefault\u00bb background_size=\u00bbdefault\u00bb background_color=\u00bb#ffffff\u00bb use_bg_overlay=\u00bboff\u00bb use_text_overlay=\u00bboff\u00bb alignment=\u00bbcenter\u00bb background_layout=\u00bblight\u00bb allow_player_pause=\u00bboff\u00bb text_border_radius=\u00bb3&#8243; header_font_select=\u00bbdefault\u00bb header_font=\u00bb||||\u00bb body_font_select=\u00bbdefault\u00bb body_font=\u00bb||||\u00bb custom_button=\u00bbon\u00bb button_font_select=\u00bbdefault\u00bb button_font=\u00bb||||\u00bb button_use_icon=\u00bbdefault\u00bb button_icon_placement=\u00bbright\u00bb button_on_hover=\u00bbon\u00bb background_image=\u00bbhttp:\/\/bufet-valles.com\/wp-content\/uploads\/2016\/05\/VALLESslidersGRANSplaca.png\u00bb button_bg_color=\u00bb#e09900&#8243; header_font_size=\u00bb42&#8243; header_font_size_tablet=\u00bb80&#8243; header_font_size_phone=\u00bb80&#8243; button_text_size_tablet=\u00bb40&#8243; button_text_size_phone=\u00bb40&#8243;]<\/p>\n<h2 id=\"tw-target-text\" class=\"tw-data-text tw-ta tw-text-small\" dir=\"ltr\" data-placeholder=\"Traducci\u00f3\"><span lang=\"es\" style=\"color: #ffffff;\">45 a\u00f1os de rigor profesional en la abogac\u00eda<\/span><\/h2>\n<p>[\/et_pb_slide][et_pb_slide heading=\u00bbBufete VALL\u00c8S ARB\u00d3S\u00bb background_position=\u00bbdefault\u00bb background_size=\u00bbdefault\u00bb background_color=\u00bb#ffffff\u00bb use_bg_overlay=\u00bboff\u00bb use_text_overlay=\u00bboff\u00bb alignment=\u00bbcenter\u00bb background_layout=\u00bblight\u00bb allow_player_pause=\u00bboff\u00bb text_border_radius=\u00bb3&#8243; header_font_select=\u00bbdefault\u00bb header_font=\u00bb||||\u00bb body_font_select=\u00bbdefault\u00bb body_font=\u00bb||||\u00bb custom_button=\u00bbon\u00bb button_font_select=\u00bbdefault\u00bb button_font=\u00bb||||\u00bb button_use_icon=\u00bbdefault\u00bb button_icon_placement=\u00bbright\u00bb button_on_hover=\u00bbon\u00bb background_image=\u00bbhttp:\/\/bufet-valles.com\/wp-content\/uploads\/2016\/05\/VALLESsliderMADRID-1.png\u00bb button_bg_color=\u00bb#e09900&#8243; header_font_size=\u00bb42&#8243; header_font_size_tablet=\u00bb80&#8243; header_font_size_phone=\u00bb80&#8243; button_text_size_tablet=\u00bb40&#8243; button_text_size_phone=\u00bb40&#8243;]<\/p>\n<h2 id=\"tw-target-text\" class=\"tw-data-text tw-ta tw-text-small\" dir=\"ltr\" data-placeholder=\"Traducci\u00f3\"><span lang=\"es\" style=\"color: #ffffff;\">45 a\u00f1os de rigor profesional en la abogac\u00eda<\/span><\/h2>\n<p>[\/et_pb_slide][et_pb_slide heading=\u00bbBufete VALL\u00c8S ARB\u00d3S\u00bb background_position=\u00bbdefault\u00bb background_size=\u00bbdefault\u00bb background_color=\u00bb#ffffff\u00bb use_bg_overlay=\u00bboff\u00bb use_text_overlay=\u00bboff\u00bb alignment=\u00bbcenter\u00bb background_layout=\u00bblight\u00bb allow_player_pause=\u00bboff\u00bb text_border_radius=\u00bb3&#8243; header_font_select=\u00bbdefault\u00bb header_font=\u00bb||||\u00bb body_font_select=\u00bbdefault\u00bb body_font=\u00bb||||\u00bb custom_button=\u00bbon\u00bb button_font_select=\u00bbdefault\u00bb button_font=\u00bb||||\u00bb button_use_icon=\u00bbdefault\u00bb button_icon_placement=\u00bbright\u00bb button_on_hover=\u00bbon\u00bb background_image=\u00bbhttp:\/\/bufet-valles.com\/wp-content\/uploads\/2016\/05\/VALLESsliders5.png\u00bb button_bg_color=\u00bb#e09900&#8243; header_font_size=\u00bb42&#8243; header_font_size_tablet=\u00bb80&#8243; header_font_size_phone=\u00bb80&#8243; button_text_size_tablet=\u00bb40&#8243; button_text_size_phone=\u00bb40&#8243;]<\/p>\n<h2 id=\"tw-target-text\" class=\"tw-data-text tw-ta tw-text-small\" dir=\"ltr\" data-placeholder=\"Traducci\u00f3\"><span lang=\"es\" style=\"color: #ffffff;\">45 a\u00f1os de rigor profesional en la abogac\u00eda<\/span><\/h2>\n<p>[\/et_pb_slide][et_pb_slide heading=\u00bbBufete VALL\u00c8S ARB\u00d3S\u00bb background_position=\u00bbdefault\u00bb background_size=\u00bbdefault\u00bb background_color=\u00bb#ffffff\u00bb use_bg_overlay=\u00bboff\u00bb use_text_overlay=\u00bboff\u00bb alignment=\u00bbcenter\u00bb background_layout=\u00bblight\u00bb allow_player_pause=\u00bboff\u00bb text_border_radius=\u00bb3&#8243; header_font_select=\u00bbdefault\u00bb header_font=\u00bb||||\u00bb body_font_select=\u00bbdefault\u00bb body_font=\u00bb||||\u00bb custom_button=\u00bbon\u00bb button_font_select=\u00bbdefault\u00bb button_font=\u00bb||||\u00bb button_use_icon=\u00bbdefault\u00bb button_icon_placement=\u00bbright\u00bb button_on_hover=\u00bbon\u00bb background_image=\u00bbhttp:\/\/bufet-valles.com\/wp-content\/uploads\/2016\/05\/VALLESsliders6.png\u00bb button_bg_color=\u00bb#e09900&#8243; header_font_size=\u00bb42&#8243; header_font_size_tablet=\u00bb80&#8243; header_font_size_phone=\u00bb80&#8243; button_text_size_tablet=\u00bb40&#8243; button_text_size_phone=\u00bb40&#8243;]<\/p>\n<h2 id=\"tw-target-text\" class=\"tw-data-text tw-ta tw-text-small\" dir=\"ltr\" data-placeholder=\"Traducci\u00f3\"><span lang=\"es\" style=\"color: #ffffff;\">45 a\u00f1os de rigor profesional en la abogac\u00eda<\/span><\/h2>\n<p>[\/et_pb_slide] [\/et_pb_fullwidth_slider][\/et_pb_section][et_pb_section bb_built=\u00bb1&#8243; admin_label=\u00bbSecci\u00f3n\u00bb fullwidth=\u00bbon\u00bb specialty=\u00bboff\u00bb][et_pb_fullwidth_header admin_label=\u00bbT\u00edtulo de anchura completa\u00bb title=\u00bbABOGADOS ESPECIALIZADOS EN DERECHO CIVIL, MERCANTIL, INMOBILIARIO, CONCURSAL Y DERECHO PROCESAL Y PENAL ECON\u00d3MICO\u00bb background_layout=\u00bblight\u00bb text_orientation=\u00bbcenter\u00bb header_fullscreen=\u00bboff\u00bb header_scroll_down=\u00bboff\u00bb button_one_text=\u00bbVER NUESTROS SERVICIOS\u00bb background_color=\u00bb#e0d0b8&#8243; parallax=\u00bboff\u00bb parallax_method=\u00bboff\u00bb content_orientation=\u00bbcenter\u00bb image_orientation=\u00bbcenter\u00bb custom_button_one=\u00bboff\u00bb button_one_letter_spacing=\u00bb0&#8243; button_one_use_icon=\u00bbdefault\u00bb button_one_icon_placement=\u00bbright\u00bb button_one_on_hover=\u00bbon\u00bb button_one_letter_spacing_hover=\u00bb0&#8243; custom_button_two=\u00bbon\u00bb button_two_letter_spacing=\u00bb0&#8243; button_two_use_icon=\u00bbdefault\u00bb button_two_icon_placement=\u00bbright\u00bb button_two_on_hover=\u00bbon\u00bb button_two_letter_spacing_hover=\u00bb0&#8243; content_font_color=\u00bb#000000&#8243; title_text_color=\u00bb#000000&#8243; button_two_text_color=\u00bb#000000&#8243; button_one_url=\u00bbhttp:\/\/bufet-valles.com\/es\/servicios-juridicos\/\u00bb \/][\/et_pb_section][et_pb_section bb_built=\u00bb1&#8243; admin_label=\u00bbSecci\u00f3n\u00bb fullwidth=\u00bboff\u00bb specialty=\u00bboff\u00bb transparent_background=\u00bboff\u00bb background_color=\u00bb#eae6dc\u00bb allow_player_pause=\u00bboff\u00bb inner_shadow=\u00bboff\u00bb parallax=\u00bboff\u00bb parallax_method=\u00bbon\u00bb make_fullwidth=\u00bboff\u00bb use_custom_width=\u00bboff\u00bb width_unit=\u00bbon\u00bb make_equal=\u00bboff\u00bb use_custom_gutter=\u00bboff\u00bb][et_pb_row admin_label=\u00bbFila\u00bb][et_pb_column type=\u00bb1_3&#8243;][et_pb_blurb admin_label=\u00bbAnuncio\u00bb title=\u00bbVOCACI\u00d3N\u00bb url_new_window=\u00bboff\u00bb use_icon=\u00bbon\u00bb font_icon=\u00bb%%168%%\u00bb icon_color=\u00bb#dd9933&#8243; use_circle=\u00bboff\u00bb circle_color=\u00bb#dd9933&#8243; use_circle_border=\u00bboff\u00bb circle_border_color=\u00bb#dd9933&#8243; icon_placement=\u00bbtop\u00bb animation=\u00bbtop\u00bb background_layout=\u00bblight\u00bb text_orientation=\u00bbcenter\u00bb use_icon_font_size=\u00bboff\u00bb use_border_color=\u00bboff\u00bb border_color=\u00bb#ffffff\u00bb border_style=\u00bbsolid\u00bb]<\/p>\n<p class=\"p1\" style=\"text-align: center;\">De servicio a nuestros clientes en defensa de sus intereses.<\/p>\n<p>[\/et_pb_blurb][\/et_pb_column][et_pb_column type=\u00bb1_3&#8243;][et_pb_blurb admin_label=\u00bbAnuncio\u00bb title=\u00bbFILOSOF\u00cdA\u00bb url_new_window=\u00bboff\u00bb use_icon=\u00bbon\u00bb font_icon=\u00bb%%254%%\u00bb icon_color=\u00bb#dd9933&#8243; use_circle=\u00bboff\u00bb circle_color=\u00bb#dd9933&#8243; use_circle_border=\u00bboff\u00bb circle_border_color=\u00bb#dd9933&#8243; icon_placement=\u00bbtop\u00bb animation=\u00bbtop\u00bb background_layout=\u00bblight\u00bb text_orientation=\u00bbcenter\u00bb use_icon_font_size=\u00bboff\u00bb use_border_color=\u00bboff\u00bb border_color=\u00bb#ffffff\u00bb border_style=\u00bbsolid\u00bb]<\/p>\n<p class=\"p1\" style=\"text-align: center;\">De ejercicio de la profesi\u00f3n respetando<br \/>\ntres pilares b\u00e1sicos:<br \/>\n\u00c9TICA, PROFESIONALIDAD Y CONFIANZA.<\/p>\n<p>[\/et_pb_blurb][\/et_pb_column][et_pb_column type=\u00bb1_3&#8243;][et_pb_blurb admin_label=\u00bbAnuncio\u00bb title=\u00bbPROYECCI\u00d3N\u00bb url_new_window=\u00bboff\u00bb use_icon=\u00bbon\u00bb font_icon=\u00bb%%164%%\u00bb icon_color=\u00bb#dd9933&#8243; use_circle=\u00bboff\u00bb circle_color=\u00bb#dd9933&#8243; use_circle_border=\u00bboff\u00bb circle_border_color=\u00bb#dd9933&#8243; icon_placement=\u00bbtop\u00bb animation=\u00bbtop\u00bb background_layout=\u00bblight\u00bb text_orientation=\u00bbcenter\u00bb use_icon_font_size=\u00bboff\u00bb use_border_color=\u00bboff\u00bb border_color=\u00bb#ffffff\u00bb border_style=\u00bbsolid\u00bb]<\/p>\n<p class=\"p1\" style=\"text-align: center;\">De adaptaci\u00f3n a los retos de futuro de forma s\u00f3lida y eficiente.<\/p>\n<p>[\/et_pb_blurb][\/et_pb_column][\/et_pb_row][\/et_pb_section][et_pb_section bb_built=\u00bb1&#8243; admin_label=\u00bbsection\u00bb][et_pb_row admin_label=\u00bbrow\u00bb][et_pb_column type=\u00bb1_3&#8243;][et_pb_image admin_label=\u00bbImagen\u00bb src=\u00bbhttp:\/\/bufet-valles.com\/wp-content\/uploads\/2016\/05\/fachadabufet.png\u00bb show_in_lightbox=\u00bboff\u00bb url_new_window=\u00bboff\u00bb use_overlay=\u00bboff\u00bb animation=\u00bbleft\u00bb sticky=\u00bboff\u00bb align=\u00bbcenter\u00bb force_fullwidth=\u00bboff\u00bb always_center_on_mobile=\u00bbon\u00bb use_border_color=\u00bboff\u00bb border_color=\u00bb#ffffff\u00bb border_style=\u00bbsolid\u00bb \/][\/et_pb_column][et_pb_column type=\u00bb2_3&#8243;][et_pb_text admin_label=\u00bbTexto\u00bb background_layout=\u00bblight\u00bb text_orientation=\u00bbleft\u00bb use_border_color=\u00bboff\u00bb border_color=\u00bb#ffffff\u00bb border_style=\u00bbsolid\u00bb]<\/p>\n<h2><span style=\"color: #ff9900;\">Bufete<b>\u00a0Vall\u00e8s Arb\u00f3s<\/b><\/span><\/h2>\n<p>[\/et_pb_text][et_pb_text admin_label=\u00bbTexto\u00bb background_layout=\u00bblight\u00bb text_orientation=\u00bbleft\u00bb use_border_color=\u00bboff\u00bb border_color=\u00bb#ffffff\u00bb border_style=\u00bbsolid\u00bb]<\/p>\n<p id=\"tw-target-text\" class=\"tw-data-text tw-ta tw-text-small\" dir=\"ltr\" data-placeholder=\"Traducci\u00f3\"><span lang=\"es\">Fundado en 1971 por <strong>Pere Vall\u00e8s Arb\u00f3s<\/strong>, despu\u00e9s de unos a\u00f1os de ejercer\u00a0en diferentes bufetes de reconocida solvencia de Barcelona. <\/span><\/p>\n<p class=\"tw-data-text tw-ta tw-text-small\" dir=\"ltr\" data-placeholder=\"Traducci\u00f3\"><span lang=\"es\">Avalado por un relevo generacional, <strong>BUFETE VALL\u00c8S ARB\u00d3S<\/strong> es una firma jur\u00eddica multidisciplinar en la que la alta formaci\u00f3n de la cuarentena de profesionales que forman parte de su equipo asegura un asesoramiento integral a sus clientes desde sus oficinas de Barcelona y Madrid.<\/span><\/p>\n<p>A lo largo de estos m\u00e1s de 45 a\u00f1os de experiencia hemos conseguido llegar al objetivo propuesto con la fundaci\u00f3n del bufete, que no es otro que haber sido capaces de ganar la confianza y el reconocimiento de nuestros clientes.<\/p>\n<p>[\/et_pb_text][\/et_pb_column][\/et_pb_row][\/et_pb_section]<\/p>\n","protected":false},"excerpt":{"rendered":"<p>45 a\u00f1os de rigor profesional en la abogac\u00eda 45 a\u00f1os de rigor profesional en la abogac\u00eda 45 a\u00f1os de rigor profesional en la abogac\u00eda 45 a\u00f1os de rigor profesional en la abogac\u00eda 45 a\u00f1os de rigor profesional en la abogac\u00eda 45 a\u00f1os de rigor profesional en la abogac\u00eda De servicio a nuestros clientes en defensa [&hellip;]<\/p>\n","protected":false},"author":1,"featured_media":0,"parent":0,"menu_order":0,"comment_status":"closed","ping_status":"closed","template":"","meta":{"_et_pb_use_builder":"on","_et_pb_old_content":"<p>This is an example page. It's different from a blog post because it will stay in one place and will show up in your site navigation (in most themes). Most people start with an About page that introduces them to potential site visitors. It might say something like this:<\/p><blockquote><p>Hi there! I'm a bike messenger by day, aspiring actor by night, and this is my website. I live in Los Angeles, have a great dog named Jack, and I like pi\u00f1a coladas. (And gettin' caught in the rain.)<\/p><\/blockquote><p>...or something like this:<\/p><blockquote><p>The XYZ Doohickey Company was founded in 1971, and has been providing quality doohickeys to the public ever since. Located in Gotham City, XYZ employs over 2,000 people and does all kinds of awesome things for the Gotham community.<\/p><\/blockquote><p>As a new WordPress user, you should go to <a href=\"http:\/\/bufet-valles.com\/wp-admin\/\">your dashboard<\/a> to delete this page and create new pages for your content. Have fun!<\/p>","_et_gb_content_width":"","footnotes":""},"class_list":["post-341","page","type-page","status-publish","hentry"],"yoast_head":"<!-- This site is optimized with the Yoast SEO plugin v23.4 - https:\/\/yoast.com\/wordpress\/plugins\/seo\/ -->\n<title>BUFET VALL\u00c8S ARBOSO | 45 a\u00f1os de rigor profesional en la abogac\u00eda<\/title>\n<meta name=\"description\" content=\"ABOGADOS ESPECIALITIZADOS EN DERECHO CIVIL, MERCANTIL, INMOBILIARIO, CONCURSAL Y DERECHO PROCESAL Y PENAL ECON\u00d3MICO.\" \/>\n<meta name=\"robots\" content=\"index, follow, max-snippet:-1, max-image-preview:large, max-video-preview:-1\" \/>\n<link rel=\"canonical\" href=\"https:\/\/bufet-valles.com\/es\/\" \/>\n<meta property=\"og:locale\" content=\"es_ES\" \/>\n<meta property=\"og:type\" content=\"article\" \/>\n<meta property=\"og:title\" content=\"BUFET VALL\u00c8S ARBOSO | 45 a\u00f1os de rigor profesional en la abogac\u00eda\" \/>\n<meta property=\"og:description\" content=\"ABOGADOS ESPECIALITIZADOS EN DERECHO CIVIL, MERCANTIL, INMOBILIARIO, CONCURSAL Y DERECHO PROCESAL Y PENAL ECON\u00d3MICO.\" \/>\n<meta property=\"og:url\" content=\"https:\/\/bufet-valles.com\/es\/\" \/>\n<meta property=\"og:site_name\" content=\"BUFET VALL\u00c8S ARB\u00d3S\" \/>\n<meta property=\"article:modified_time\" content=\"2024-09-19T09:42:33+00:00\" \/>\n<meta name=\"twitter:card\" content=\"summary_large_image\" \/>\n<meta name=\"twitter:label1\" content=\"Tiempo de lectura\" \/>\n\t<meta name=\"twitter:data1\" content=\"2 minutos\" \/>\n<script type=\"application\/ld+json\" class=\"yoast-schema-graph\">{\"@context\":\"https:\/\/schema.org\",\"@graph\":[{\"@type\":\"WebPage\",\"@id\":\"https:\/\/bufet-valles.com\/es\/\",\"url\":\"https:\/\/bufet-valles.com\/es\/\",\"name\":\"BUFET VALL\u00c8S ARBOSO | 45 a\u00f1os de rigor profesional en la abogac\u00eda\",\"isPartOf\":{\"@id\":\"https:\/\/bufet-valles.com\/#website\"},\"datePublished\":\"2017-05-05T12:34:02+00:00\",\"dateModified\":\"2024-09-19T09:42:33+00:00\",\"description\":\"ABOGADOS ESPECIALITIZADOS EN DERECHO CIVIL, MERCANTIL, INMOBILIARIO, CONCURSAL Y DERECHO PROCESAL Y PENAL ECON\u00d3MICO.\",\"breadcrumb\":{\"@id\":\"https:\/\/bufet-valles.com\/es\/#breadcrumb\"},\"inLanguage\":\"es\",\"potentialAction\":[{\"@type\":\"ReadAction\",\"target\":[\"https:\/\/bufet-valles.com\/es\/\"]}]},{\"@type\":\"BreadcrumbList\",\"@id\":\"https:\/\/bufet-valles.com\/es\/#breadcrumb\",\"itemListElement\":[{\"@type\":\"ListItem\",\"position\":1,\"name\":\"Portada\",\"item\":\"https:\/\/bufet-valles.com\/es\/\"},{\"@type\":\"ListItem\",\"position\":2,\"name\":\"INICIO\"}]},{\"@type\":\"WebSite\",\"@id\":\"https:\/\/bufet-valles.com\/#website\",\"url\":\"https:\/\/bufet-valles.com\/\",\"name\":\"BUFET VALLES ADVOCATS BARCELONA\",\"description\":\"ESPECIALITIZATS EN DRET CIVIL, MERCANTIL, IMMOBILIARI, CONCURSAL I DRET PROCESAL I PENAL ECON\u00d2MIC\",\"potentialAction\":[{\"@type\":\"SearchAction\",\"target\":{\"@type\":\"EntryPoint\",\"urlTemplate\":\"https:\/\/bufet-valles.com\/?s={search_term_string}\"},\"query-input\":{\"@type\":\"PropertyValueSpecification\",\"valueRequired\":true,\"valueName\":\"search_term_string\"}}],\"inLanguage\":\"es\"}]}<\/script>\n<!-- \/ Yoast SEO plugin. -->","yoast_head_json":{"title":"BUFET VALL\u00c8S ARBOSO | 45 a\u00f1os de rigor profesional en la abogac\u00eda","description":"ABOGADOS ESPECIALITIZADOS EN DERECHO CIVIL, MERCANTIL, INMOBILIARIO, CONCURSAL Y DERECHO PROCESAL Y PENAL ECON\u00d3MICO.","robots":{"index":"index","follow":"follow","max-snippet":"max-snippet:-1","max-image-preview":"max-image-preview:large","max-video-preview":"max-video-preview:-1"},"canonical":"https:\/\/bufet-valles.com\/es\/","og_locale":"es_ES","og_type":"article","og_title":"BUFET VALL\u00c8S ARBOSO | 45 a\u00f1os de rigor profesional en la abogac\u00eda","og_description":"ABOGADOS ESPECIALITIZADOS EN DERECHO CIVIL, MERCANTIL, INMOBILIARIO, CONCURSAL Y DERECHO PROCESAL Y PENAL ECON\u00d3MICO.","og_url":"https:\/\/bufet-valles.com\/es\/","og_site_name":"BUFET VALL\u00c8S ARB\u00d3S","article_modified_time":"2024-09-19T09:42:33+00:00","twitter_card":"summary_large_image","twitter_misc":{"Tiempo de lectura":"2 minutos"},"schema":{"@context":"https:\/\/schema.org","@graph":[{"@type":"WebPage","@id":"https:\/\/bufet-valles.com\/es\/","url":"https:\/\/bufet-valles.com\/es\/","name":"BUFET VALL\u00c8S ARBOSO | 45 a\u00f1os de rigor profesional en la abogac\u00eda","isPartOf":{"@id":"https:\/\/bufet-valles.com\/#website"},"datePublished":"2017-05-05T12:34:02+00:00","dateModified":"2024-09-19T09:42:33+00:00","description":"ABOGADOS ESPECIALITIZADOS EN DERECHO CIVIL, MERCANTIL, INMOBILIARIO, CONCURSAL Y DERECHO PROCESAL Y PENAL ECON\u00d3MICO.","breadcrumb":{"@id":"https:\/\/bufet-valles.com\/es\/#breadcrumb"},"inLanguage":"es","potentialAction":[{"@type":"ReadAction","target":["https:\/\/bufet-valles.com\/es\/"]}]},{"@type":"BreadcrumbList","@id":"https:\/\/bufet-valles.com\/es\/#breadcrumb","itemListElement":[{"@type":"ListItem","position":1,"name":"Portada","item":"https:\/\/bufet-valles.com\/es\/"},{"@type":"ListItem","position":2,"name":"INICIO"}]},{"@type":"WebSite","@id":"https:\/\/bufet-valles.com\/#website","url":"https:\/\/bufet-valles.com\/","name":"BUFET VALLES ADVOCATS BARCELONA","description":"ESPECIALITIZATS EN DRET CIVIL, MERCANTIL, IMMOBILIARI, CONCURSAL I DRET PROCESAL I PENAL ECON\u00d2MIC","potentialAction":[{"@type":"SearchAction","target":{"@type":"EntryPoint","urlTemplate":"https:\/\/bufet-valles.com\/?s={search_term_string}"},"query-input":{"@type":"PropertyValueSpecification","valueRequired":true,"valueName":"search_term_string"}}],"inLanguage":"es"}]}},"_links":{"self":[{"href":"https:\/\/bufet-valles.com\/es\/wp-json\/wp\/v2\/pages\/341"}],"collection":[{"href":"https:\/\/bufet-valles.com\/es\/wp-json\/wp\/v2\/pages"}],"about":[{"href":"https:\/\/bufet-valles.com\/es\/wp-json\/wp\/v2\/types\/page"}],"author":[{"embeddable":true,"href":"https:\/\/bufet-valles.com\/es\/wp-json\/wp\/v2\/users\/1"}],"replies":[{"embeddable":true,"href":"https:\/\/bufet-valles.com\/es\/wp-json\/wp\/v2\/comments?post=341"}],"version-history":[{"count":7,"href":"https:\/\/bufet-valles.com\/es\/wp-json\/wp\/v2\/pages\/341\/revisions"}],"predecessor-version":[{"id":493,"href":"https:\/\/bufet-valles.com\/es\/wp-json\/wp\/v2\/pages\/341\/revisions\/493"}],"wp:attachment":[{"href":"https:\/\/bufet-valles.com\/es\/wp-json\/wp\/v2\/media?parent=341"}],"curies":[{"name":"wp","href":"https:\/\/api.w.org\/{rel}","templated":true}]}}