{"id":357,"date":"2017-05-05T12:40:55","date_gmt":"2017-05-05T12:40:55","guid":{"rendered":"http:\/\/bufet-valles.com\/?page_id=357\/"},"modified":"2017-05-09T11:00:56","modified_gmt":"2017-05-09T11:00:56","slug":"historia-del-bufet","status":"publish","type":"page","link":"https:\/\/bufet-valles.com\/es\/historia-del-bufet\/","title":{"rendered":"HISTORIA DEL BUFETE"},"content":{"rendered":"<p>[et_pb_section bb_built=\u00bb1&#8243; admin_label=\u00bbSecci\u00f3n\u00bb fullwidth=\u00bbon\u00bb specialty=\u00bboff\u00bb][et_pb_fullwidth_header admin_label=\u00bbT\u00edtulo de anchura completa\u00bb title=\u00bbEL BUFETE\u00bb background_layout=\u00bbdark\u00bb text_orientation=\u00bbleft\u00bb header_fullscreen=\u00bboff\u00bb header_scroll_down=\u00bboff\u00bb background_url=\u00bbhttp:\/\/bufet-valles.com\/wp-content\/uploads\/2017\/03\/VALLESslidersFAC\u0327ANA4.png\u00bb parallax=\u00bboff\u00bb parallax_method=\u00bboff\u00bb content_orientation=\u00bbcenter\u00bb image_orientation=\u00bbcenter\u00bb custom_button_one=\u00bboff\u00bb button_one_letter_spacing=\u00bb0&#8243; button_one_use_icon=\u00bbdefault\u00bb button_one_icon_placement=\u00bbright\u00bb button_one_on_hover=\u00bbon\u00bb button_one_letter_spacing_hover=\u00bb0&#8243; custom_button_two=\u00bboff\u00bb button_two_letter_spacing=\u00bb0&#8243; button_two_use_icon=\u00bbdefault\u00bb button_two_icon_placement=\u00bbright\u00bb button_two_on_hover=\u00bbon\u00bb button_two_letter_spacing_hover=\u00bb0&#8243; subhead=\u00bb%22Desde 1971, a su servicio con el m\u00e1ximo rigor y solvencia%22&#8243; subhead_font_size=\u00bb25&#8243; subhead_font_color=\u00bb#000000&#8243; \/][\/et_pb_section][et_pb_section bb_built=\u00bb1&#8243; admin_label=\u00bbsection\u00bb transparent_background=\u00bboff\u00bb background_color=\u00bbrgba(224,216,199,0.57)\u00bb allow_player_pause=\u00bboff\u00bb inner_shadow=\u00bboff\u00bb parallax=\u00bboff\u00bb parallax_method=\u00bbon\u00bb make_fullwidth=\u00bboff\u00bb use_custom_width=\u00bboff\u00bb width_unit=\u00bbon\u00bb make_equal=\u00bboff\u00bb use_custom_gutter=\u00bboff\u00bb][et_pb_row admin_label=\u00bbrow\u00bb][et_pb_column type=\u00bb1_3&#8243;][et_pb_image admin_label=\u00bbImagen\u00bb src=\u00bbhttp:\/\/bufet-valles.com\/wp-content\/uploads\/2017\/03\/Universitat-Barcelona2_Carrusel-1.jpg\u00bb show_in_lightbox=\u00bboff\u00bb url_new_window=\u00bboff\u00bb use_overlay=\u00bboff\u00bb animation=\u00bbleft\u00bb sticky=\u00bboff\u00bb align=\u00bbleft\u00bb force_fullwidth=\u00bboff\u00bb always_center_on_mobile=\u00bbon\u00bb use_border_color=\u00bboff\u00bb border_color=\u00bb#ffffff\u00bb border_style=\u00bbsolid\u00bb \/][et_pb_toggle admin_label=\u00bbConmutador\u00bb title=\u00bbNuestro fundador\u00bb open=\u00bboff\u00bb use_border_color=\u00bboff\u00bb border_color=\u00bb#ffffff\u00bb border_style=\u00bbsolid\u00bb open_toggle_text_color=\u00bb#e09900&#8243; body_text_color=\u00bb#000000&#8243; closed_toggle_background_color=\u00bb#828282&#8243; closed_toggle_text_color=\u00bb#ffffff\u00bb]<\/p>\n<p class=\"p1\">El Sr. Pere Vall\u00e8s Arb\u00f3s, se licenci\u00f3 por la Universidad Central de Barcelona (promoci\u00f3n Alfa-Pedralbes).<\/p>\n<p>Ha ejercido la profesi\u00f3n con vocaci\u00f3n e intensidad durante m\u00e1s de 45 a\u00f1os, habi\u00e9ndose especializado en las ramas del Derecho Civil, el Derecho Inmobiliario y el Derecho Procesal.<\/p>\n<p>[\/et_pb_toggle][\/et_pb_column][et_pb_column type=\u00bb2_3&#8243;][et_pb_text admin_label=\u00bbTexto\u00bb background_layout=\u00bblight\u00bb text_orientation=\u00bbleft\u00bb use_border_color=\u00bboff\u00bb border_color=\u00bb#ffffff\u00bb border_style=\u00bbsolid\u00bb]<\/p>\n<p id=\"tw-target-text\" class=\"tw-data-text tw-ta tw-text-small\" dir=\"ltr\" data-placeholder=\"Traducci\u00f3\"><span lang=\"es\">Fundado en 1971 por <strong>Pere Vall\u00e8s Arb\u00f3s<\/strong>, despu\u00e9s de\u00a0ejercicio durante a\u00f1os en bufetes de reconocida solvencia de Barcelona. <\/span><\/p>\n<p class=\"tw-data-text tw-ta tw-text-small\" dir=\"ltr\" data-placeholder=\"Traducci\u00f3\"><span lang=\"es\">Avalado por un relevo generacional, <strong>BUFETE VALL\u00c8S ARB\u00d3S<\/strong> es una firma jur\u00eddica multidisciplinar en la que la alta formaci\u00f3n de la cuarentena de profesionales que forman parte de su equipo asegura un asesoramiento integral a sus clientes desde sus oficinas de Barcelona y Madrid.<\/span><\/p>\n<p>A lo largo de estos m\u00e1s de 45 a\u00f1os de experiencia hemos conseguido llegar al objetivo propuesto con la fundaci\u00f3n del bufete, que no es otro que haber sido capaces de ganar la confianza y el reconocimiento de nuestros clientes.<\/p>\n<p>[\/et_pb_text][\/et_pb_column][\/et_pb_row][\/et_pb_section]<\/p>\n","protected":false},"excerpt":{"rendered":"<p>El Sr. Pere Vall\u00e8s Arb\u00f3s, se licenci\u00f3 por la Universidad Central de Barcelona (promoci\u00f3n Alfa-Pedralbes). Ha ejercido la profesi\u00f3n con vocaci\u00f3n e intensidad durante m\u00e1s de 45 a\u00f1os, habi\u00e9ndose especializado en las ramas del Derecho Civil, el Derecho Inmobiliario y el Derecho Procesal. Fundado en 1971 por Pere Vall\u00e8s Arb\u00f3s, despu\u00e9s de\u00a0ejercicio durante a\u00f1os en [&hellip;]<\/p>\n","protected":false},"author":1,"featured_media":0,"parent":0,"menu_order":0,"comment_status":"closed","ping_status":"closed","template":"","meta":{"_et_pb_use_builder":"on","_et_pb_old_content":"","_et_gb_content_width":"","footnotes":""},"class_list":["post-357","page","type-page","status-publish","hentry"],"yoast_head":"<!-- This site is optimized with the Yoast SEO plugin v23.4 - https:\/\/yoast.com\/wordpress\/plugins\/seo\/ -->\n<title>HISTORIA DEL BUFETE - BUFET VALL\u00c8S ARB\u00d3S<\/title>\n<meta name=\"robots\" content=\"index, follow, max-snippet:-1, max-image-preview:large, max-video-preview:-1\" \/>\n<link rel=\"canonical\" href=\"https:\/\/bufet-valles.com\/es\/historia-del-bufet\/\" \/>\n<meta property=\"og:locale\" content=\"es_ES\" \/>\n<meta property=\"og:type\" content=\"article\" \/>\n<meta property=\"og:title\" content=\"HISTORIA DEL BUFETE - BUFET VALL\u00c8S ARB\u00d3S\" \/>\n<meta property=\"og:description\" content=\"El Sr. Pere Vall\u00e8s Arb\u00f3s, se licenci\u00f3 por la Universidad Central de Barcelona (promoci\u00f3n Alfa-Pedralbes). Ha ejercido la profesi\u00f3n con vocaci\u00f3n e intensidad durante m\u00e1s de 45 a\u00f1os, habi\u00e9ndose especializado en las ramas del Derecho Civil, el Derecho Inmobiliario y el Derecho Procesal. Fundado en 1971 por Pere Vall\u00e8s Arb\u00f3s, despu\u00e9s de\u00a0ejercicio durante a\u00f1os en [&hellip;]\" \/>\n<meta property=\"og:url\" content=\"https:\/\/bufet-valles.com\/es\/historia-del-bufet\/\" \/>\n<meta property=\"og:site_name\" content=\"BUFET VALL\u00c8S ARB\u00d3S\" \/>\n<meta property=\"article:modified_time\" content=\"2017-05-09T11:00:56+00:00\" \/>\n<meta name=\"twitter:card\" content=\"summary_large_image\" \/>\n<meta name=\"twitter:label1\" content=\"Tiempo de lectura\" \/>\n\t<meta name=\"twitter:data1\" content=\"2 minutos\" \/>\n<script type=\"application\/ld+json\" class=\"yoast-schema-graph\">{\"@context\":\"https:\/\/schema.org\",\"@graph\":[{\"@type\":\"WebPage\",\"@id\":\"https:\/\/bufet-valles.com\/es\/historia-del-bufet\/\",\"url\":\"https:\/\/bufet-valles.com\/es\/historia-del-bufet\/\",\"name\":\"HISTORIA DEL BUFETE - BUFET VALL\u00c8S ARB\u00d3S\",\"isPartOf\":{\"@id\":\"https:\/\/bufet-valles.com\/#website\"},\"datePublished\":\"2017-05-05T12:40:55+00:00\",\"dateModified\":\"2017-05-09T11:00:56+00:00\",\"breadcrumb\":{\"@id\":\"https:\/\/bufet-valles.com\/es\/historia-del-bufet\/#breadcrumb\"},\"inLanguage\":\"es\",\"potentialAction\":[{\"@type\":\"ReadAction\",\"target\":[\"https:\/\/bufet-valles.com\/es\/historia-del-bufet\/\"]}]},{\"@type\":\"BreadcrumbList\",\"@id\":\"https:\/\/bufet-valles.com\/es\/historia-del-bufet\/#breadcrumb\",\"itemListElement\":[{\"@type\":\"ListItem\",\"position\":1,\"name\":\"Portada\",\"item\":\"https:\/\/bufet-valles.com\/es\/\"},{\"@type\":\"ListItem\",\"position\":2,\"name\":\"HISTORIA DEL BUFETE\"}]},{\"@type\":\"WebSite\",\"@id\":\"https:\/\/bufet-valles.com\/#website\",\"url\":\"https:\/\/bufet-valles.com\/\",\"name\":\"BUFET VALLES ADVOCATS BARCELONA\",\"description\":\"ESPECIALITIZATS EN DRET CIVIL, MERCANTIL, IMMOBILIARI, CONCURSAL I DRET PROCESAL I PENAL ECON\u00d2MIC\",\"potentialAction\":[{\"@type\":\"SearchAction\",\"target\":{\"@type\":\"EntryPoint\",\"urlTemplate\":\"https:\/\/bufet-valles.com\/?s={search_term_string}\"},\"query-input\":{\"@type\":\"PropertyValueSpecification\",\"valueRequired\":true,\"valueName\":\"search_term_string\"}}],\"inLanguage\":\"es\"}]}<\/script>\n<!-- \/ Yoast SEO plugin. -->","yoast_head_json":{"title":"HISTORIA DEL BUFETE - BUFET VALL\u00c8S ARB\u00d3S","robots":{"index":"index","follow":"follow","max-snippet":"max-snippet:-1","max-image-preview":"max-image-preview:large","max-video-preview":"max-video-preview:-1"},"canonical":"https:\/\/bufet-valles.com\/es\/historia-del-bufet\/","og_locale":"es_ES","og_type":"article","og_title":"HISTORIA DEL BUFETE - BUFET VALL\u00c8S ARB\u00d3S","og_description":"El Sr. Pere Vall\u00e8s Arb\u00f3s, se licenci\u00f3 por la Universidad Central de Barcelona (promoci\u00f3n Alfa-Pedralbes). Ha ejercido la profesi\u00f3n con vocaci\u00f3n e intensidad durante m\u00e1s de 45 a\u00f1os, habi\u00e9ndose especializado en las ramas del Derecho Civil, el Derecho Inmobiliario y el Derecho Procesal. Fundado en 1971 por Pere Vall\u00e8s Arb\u00f3s, despu\u00e9s de\u00a0ejercicio durante a\u00f1os en [&hellip;]","og_url":"https:\/\/bufet-valles.com\/es\/historia-del-bufet\/","og_site_name":"BUFET VALL\u00c8S ARB\u00d3S","article_modified_time":"2017-05-09T11:00:56+00:00","twitter_card":"summary_large_image","twitter_misc":{"Tiempo de lectura":"2 minutos"},"schema":{"@context":"https:\/\/schema.org","@graph":[{"@type":"WebPage","@id":"https:\/\/bufet-valles.com\/es\/historia-del-bufet\/","url":"https:\/\/bufet-valles.com\/es\/historia-del-bufet\/","name":"HISTORIA DEL BUFETE - BUFET VALL\u00c8S ARB\u00d3S","isPartOf":{"@id":"https:\/\/bufet-valles.com\/#website"},"datePublished":"2017-05-05T12:40:55+00:00","dateModified":"2017-05-09T11:00:56+00:00","breadcrumb":{"@id":"https:\/\/bufet-valles.com\/es\/historia-del-bufet\/#breadcrumb"},"inLanguage":"es","potentialAction":[{"@type":"ReadAction","target":["https:\/\/bufet-valles.com\/es\/historia-del-bufet\/"]}]},{"@type":"BreadcrumbList","@id":"https:\/\/bufet-valles.com\/es\/historia-del-bufet\/#breadcrumb","itemListElement":[{"@type":"ListItem","position":1,"name":"Portada","item":"https:\/\/bufet-valles.com\/es\/"},{"@type":"ListItem","position":2,"name":"HISTORIA DEL BUFETE"}]},{"@type":"WebSite","@id":"https:\/\/bufet-valles.com\/#website","url":"https:\/\/bufet-valles.com\/","name":"BUFET VALLES ADVOCATS BARCELONA","description":"ESPECIALITIZATS EN DRET CIVIL, MERCANTIL, IMMOBILIARI, CONCURSAL I DRET PROCESAL I PENAL ECON\u00d2MIC","potentialAction":[{"@type":"SearchAction","target":{"@type":"EntryPoint","urlTemplate":"https:\/\/bufet-valles.com\/?s={search_term_string}"},"query-input":{"@type":"PropertyValueSpecification","valueRequired":true,"valueName":"search_term_string"}}],"inLanguage":"es"}]}},"_links":{"self":[{"href":"https:\/\/bufet-valles.com\/es\/wp-json\/wp\/v2\/pages\/357"}],"collection":[{"href":"https:\/\/bufet-valles.com\/es\/wp-json\/wp\/v2\/pages"}],"about":[{"href":"https:\/\/bufet-valles.com\/es\/wp-json\/wp\/v2\/types\/page"}],"author":[{"embeddable":true,"href":"https:\/\/bufet-valles.com\/es\/wp-json\/wp\/v2\/users\/1"}],"replies":[{"embeddable":true,"href":"https:\/\/bufet-valles.com\/es\/wp-json\/wp\/v2\/comments?post=357"}],"version-history":[{"count":5,"href":"https:\/\/bufet-valles.com\/es\/wp-json\/wp\/v2\/pages\/357\/revisions"}],"predecessor-version":[{"id":406,"href":"https:\/\/bufet-valles.com\/es\/wp-json\/wp\/v2\/pages\/357\/revisions\/406"}],"wp:attachment":[{"href":"https:\/\/bufet-valles.com\/es\/wp-json\/wp\/v2\/media?parent=357"}],"curies":[{"name":"wp","href":"https:\/\/api.w.org\/{rel}","templated":true}]}}