{"id":382,"date":"2017-05-05T12:51:09","date_gmt":"2017-05-05T12:51:09","guid":{"rendered":"http:\/\/bufet-valles.com\/?page_id=382\/"},"modified":"2017-05-09T10:51:23","modified_gmt":"2017-05-09T10:51:23","slug":"servicios-juridicos","status":"publish","type":"page","link":"https:\/\/bufet-valles.com\/es\/servicios-juridicos\/","title":{"rendered":"SERVICIOS JUR\u00cdDICOS"},"content":{"rendered":"<p>[et_pb_section bb_built=\u00bb1&#8243; admin_label=\u00bbSecci\u00f3n\u00bb fullwidth=\u00bbon\u00bb specialty=\u00bboff\u00bb][et_pb_fullwidth_header admin_label=\u00bbT\u00edtulo de anchura completa\u00bb title=\u00bbSERVICIOS JUR\u00cdDICOS\u00bb background_layout=\u00bbdark\u00bb text_orientation=\u00bbleft\u00bb header_fullscreen=\u00bboff\u00bb header_scroll_down=\u00bboff\u00bb background_url=\u00bbhttp:\/\/bufet-valles.com\/wp-content\/uploads\/2017\/03\/VALLESslidersBUFET.png\u00bb parallax=\u00bboff\u00bb parallax_method=\u00bboff\u00bb content_orientation=\u00bbcenter\u00bb image_orientation=\u00bbcenter\u00bb custom_button_one=\u00bboff\u00bb button_one_letter_spacing=\u00bb0&#8243; button_one_use_icon=\u00bbdefault\u00bb button_one_icon_placement=\u00bbright\u00bb button_one_on_hover=\u00bbon\u00bb button_one_letter_spacing_hover=\u00bb0&#8243; custom_button_two=\u00bboff\u00bb button_two_letter_spacing=\u00bb0&#8243; button_two_use_icon=\u00bbdefault\u00bb button_two_icon_placement=\u00bbright\u00bb button_two_on_hover=\u00bbon\u00bb button_two_letter_spacing_hover=\u00bb0&#8243; \/][\/et_pb_section][et_pb_section bb_built=\u00bb1&#8243; admin_label=\u00bbsection\u00bb][et_pb_row admin_label=\u00bbFila\u00bb][et_pb_column type=\u00bb1_3&#8243;][et_pb_toggle admin_label=\u00bbConmutador\u00bb title=\u00bbDERECHO CIVIL\u00bb open=\u00bboff\u00bb use_border_color=\u00bboff\u00bb border_color=\u00bb#ffffff\u00bb border_style=\u00bbsolid\u00bb]<\/p>\n<p>Asesoramiento en relaci\u00f3n a conflictos entre las personas, obligaciones y contratos, responsabilidad extracontractual, derechos reales, de familia y sucesiones.<\/p>\n<p>[\/et_pb_toggle][\/et_pb_column][et_pb_column type=\u00bb1_3&#8243;][et_pb_toggle admin_label=\u00bbConmutador\u00bb title=\u00bbDERECHO MERCANTIL Y SOCIETARIO\u00bb open=\u00bboff\u00bb use_border_color=\u00bboff\u00bb border_color=\u00bb#ffffff\u00bb border_style=\u00bbsolid\u00bb]<\/p>\n<p>Nuestros servicios incluyen la realizaci\u00f3n de Due Diligence legales, emisi\u00f3n de opiniones jur\u00eddicas, ejecuci\u00f3n de operaciones societarias: habituales, pactos de sindicaci\u00f3n y administraci\u00f3n de secretar\u00edas.<\/p>\n<p>[\/et_pb_toggle][\/et_pb_column][et_pb_column type=\u00bb1_3&#8243;][et_pb_toggle admin_label=\u00bbConmutador\u00bb title=\u00bbPROCESAL\u00bb open=\u00bboff\u00bb use_border_color=\u00bboff\u00bb border_color=\u00bb#ffffff\u00bb border_style=\u00bbsolid\u00bb]<\/p>\n<p id=\"tw-target-text\" class=\"tw-data-text tw-ta tw-text-small\" dir=\"ltr\" data-placeholder=\"Traducci\u00f3\"><span lang=\"es\">Nuestro despacho cuenta con equipos profesionales que integran expertos en litigaci\u00f3n y en la materia litigiosa. Abarcamos m\u00faltiples \u00e1reas en los campos relacionados con el Derecho Civil, Inmobiliario, mercantil y penal.<\/span><\/p>\n<p>[\/et_pb_toggle][\/et_pb_column][\/et_pb_row][et_pb_row admin_label=\u00bbFila\u00bb][et_pb_column type=\u00bb1_3&#8243;][et_pb_toggle admin_label=\u00bbConmutador\u00bb title=\u00bbINMOBILIARIO Y URBANISMO\u00bb open=\u00bboff\u00bb use_border_color=\u00bboff\u00bb border_color=\u00bb#ffffff\u00bb border_style=\u00bbsolid\u00bb]<\/p>\n<p>Prestamos asesoramiento relacionados con la adquisici\u00f3n y venta de todo tipo de activos inmobiliarios; realizaci\u00f3n de auditor\u00edas legales relacionadas con la adquisici\u00f3n de activos; asesoramiento en el proceso de contrataci\u00f3n de obras, de prestaci\u00f3n de servicios inmobiliarios, etc.<\/p>\n<p>[\/et_pb_toggle][\/et_pb_column][et_pb_column type=\u00bb1_3&#8243;][et_pb_toggle admin_label=\u00bbConmutador\u00bb title=\u00bbCONCURSAL\u00bb open=\u00bboff\u00bb use_border_color=\u00bboff\u00bb border_color=\u00bb#ffffff\u00bb border_style=\u00bbsolid\u00bb]<\/p>\n<p>Preparaci\u00f3n y presentaci\u00f3n de concursos de acreedores voluntarios y necesarios. Impugnaci\u00f3n y reconocimiento de cr\u00e9ditos. Incidentes concursales de resoluci\u00f3n de contratos civiles y mercantiles, y ejercicio de acciones rescisorias.<\/p>\n<p>[\/et_pb_toggle][\/et_pb_column][et_pb_column type=\u00bb1_3&#8243;][et_pb_toggle admin_label=\u00bbConmutador\u00bb title=\u00bbPENAL ECON\u00d3MICO\u00bb open=\u00bboff\u00bb use_border_color=\u00bboff\u00bb border_color=\u00bb#ffffff\u00bb border_style=\u00bbsolid\u00bb]<\/p>\n<p>Asesoramiento en asuntos relacionados con estafas, apropiaciones indebidas, delitos societarios, insolvencias punibles, falsedad documental y delitos fiscales.<\/p>\n<p>[\/et_pb_toggle][\/et_pb_column][\/et_pb_row][\/et_pb_section]<\/p>\n","protected":false},"excerpt":{"rendered":"<p>Asesoramiento en relaci\u00f3n a conflictos entre las personas, obligaciones y contratos, responsabilidad extracontractual, derechos reales, de familia y sucesiones. Nuestros servicios incluyen la realizaci\u00f3n de Due Diligence legales, emisi\u00f3n de opiniones jur\u00eddicas, ejecuci\u00f3n de operaciones societarias: habituales, pactos de sindicaci\u00f3n y administraci\u00f3n de secretar\u00edas. Nuestro despacho cuenta con equipos profesionales que integran expertos en litigaci\u00f3n [&hellip;]<\/p>\n","protected":false},"author":1,"featured_media":0,"parent":0,"menu_order":0,"comment_status":"closed","ping_status":"closed","template":"","meta":{"_et_pb_use_builder":"on","_et_pb_old_content":"","_et_gb_content_width":"","footnotes":""},"class_list":["post-382","page","type-page","status-publish","hentry"],"yoast_head":"<!-- This site is optimized with the Yoast SEO plugin v23.4 - https:\/\/yoast.com\/wordpress\/plugins\/seo\/ -->\n<title>SERVICIOS JUR\u00cdDICOS - BUFET VALL\u00c8S ARB\u00d3S<\/title>\n<meta name=\"robots\" content=\"index, follow, max-snippet:-1, max-image-preview:large, max-video-preview:-1\" \/>\n<link rel=\"canonical\" href=\"https:\/\/bufet-valles.com\/es\/servicios-juridicos\/\" \/>\n<meta property=\"og:locale\" content=\"es_ES\" \/>\n<meta property=\"og:type\" content=\"article\" \/>\n<meta property=\"og:title\" content=\"SERVICIOS JUR\u00cdDICOS - BUFET VALL\u00c8S ARB\u00d3S\" \/>\n<meta property=\"og:description\" content=\"Asesoramiento en relaci\u00f3n a conflictos entre las personas, obligaciones y contratos, responsabilidad extracontractual, derechos reales, de familia y sucesiones. Nuestros servicios incluyen la realizaci\u00f3n de Due Diligence legales, emisi\u00f3n de opiniones jur\u00eddicas, ejecuci\u00f3n de operaciones societarias: habituales, pactos de sindicaci\u00f3n y administraci\u00f3n de secretar\u00edas. Nuestro despacho cuenta con equipos profesionales que integran expertos en litigaci\u00f3n [&hellip;]\" \/>\n<meta property=\"og:url\" content=\"https:\/\/bufet-valles.com\/es\/servicios-juridicos\/\" \/>\n<meta property=\"og:site_name\" content=\"BUFET VALL\u00c8S ARB\u00d3S\" \/>\n<meta property=\"article:modified_time\" content=\"2017-05-09T10:51:23+00:00\" \/>\n<meta name=\"twitter:card\" content=\"summary_large_image\" \/>\n<meta name=\"twitter:label1\" content=\"Tiempo de lectura\" \/>\n\t<meta name=\"twitter:data1\" content=\"3 minutos\" \/>\n<script type=\"application\/ld+json\" class=\"yoast-schema-graph\">{\"@context\":\"https:\/\/schema.org\",\"@graph\":[{\"@type\":\"WebPage\",\"@id\":\"https:\/\/bufet-valles.com\/es\/servicios-juridicos\/\",\"url\":\"https:\/\/bufet-valles.com\/es\/servicios-juridicos\/\",\"name\":\"SERVICIOS JUR\u00cdDICOS - BUFET VALL\u00c8S ARB\u00d3S\",\"isPartOf\":{\"@id\":\"https:\/\/bufet-valles.com\/#website\"},\"datePublished\":\"2017-05-05T12:51:09+00:00\",\"dateModified\":\"2017-05-09T10:51:23+00:00\",\"breadcrumb\":{\"@id\":\"https:\/\/bufet-valles.com\/es\/servicios-juridicos\/#breadcrumb\"},\"inLanguage\":\"es\",\"potentialAction\":[{\"@type\":\"ReadAction\",\"target\":[\"https:\/\/bufet-valles.com\/es\/servicios-juridicos\/\"]}]},{\"@type\":\"BreadcrumbList\",\"@id\":\"https:\/\/bufet-valles.com\/es\/servicios-juridicos\/#breadcrumb\",\"itemListElement\":[{\"@type\":\"ListItem\",\"position\":1,\"name\":\"Portada\",\"item\":\"https:\/\/bufet-valles.com\/es\/\"},{\"@type\":\"ListItem\",\"position\":2,\"name\":\"SERVICIOS JUR\u00cdDICOS\"}]},{\"@type\":\"WebSite\",\"@id\":\"https:\/\/bufet-valles.com\/#website\",\"url\":\"https:\/\/bufet-valles.com\/\",\"name\":\"BUFET VALLES ADVOCATS BARCELONA\",\"description\":\"ESPECIALITIZATS EN DRET CIVIL, MERCANTIL, IMMOBILIARI, CONCURSAL I DRET PROCESAL I PENAL ECON\u00d2MIC\",\"potentialAction\":[{\"@type\":\"SearchAction\",\"target\":{\"@type\":\"EntryPoint\",\"urlTemplate\":\"https:\/\/bufet-valles.com\/?s={search_term_string}\"},\"query-input\":{\"@type\":\"PropertyValueSpecification\",\"valueRequired\":true,\"valueName\":\"search_term_string\"}}],\"inLanguage\":\"es\"}]}<\/script>\n<!-- \/ Yoast SEO plugin. -->","yoast_head_json":{"title":"SERVICIOS JUR\u00cdDICOS - BUFET VALL\u00c8S ARB\u00d3S","robots":{"index":"index","follow":"follow","max-snippet":"max-snippet:-1","max-image-preview":"max-image-preview:large","max-video-preview":"max-video-preview:-1"},"canonical":"https:\/\/bufet-valles.com\/es\/servicios-juridicos\/","og_locale":"es_ES","og_type":"article","og_title":"SERVICIOS JUR\u00cdDICOS - BUFET VALL\u00c8S ARB\u00d3S","og_description":"Asesoramiento en relaci\u00f3n a conflictos entre las personas, obligaciones y contratos, responsabilidad extracontractual, derechos reales, de familia y sucesiones. Nuestros servicios incluyen la realizaci\u00f3n de Due Diligence legales, emisi\u00f3n de opiniones jur\u00eddicas, ejecuci\u00f3n de operaciones societarias: habituales, pactos de sindicaci\u00f3n y administraci\u00f3n de secretar\u00edas. Nuestro despacho cuenta con equipos profesionales que integran expertos en litigaci\u00f3n [&hellip;]","og_url":"https:\/\/bufet-valles.com\/es\/servicios-juridicos\/","og_site_name":"BUFET VALL\u00c8S ARB\u00d3S","article_modified_time":"2017-05-09T10:51:23+00:00","twitter_card":"summary_large_image","twitter_misc":{"Tiempo de lectura":"3 minutos"},"schema":{"@context":"https:\/\/schema.org","@graph":[{"@type":"WebPage","@id":"https:\/\/bufet-valles.com\/es\/servicios-juridicos\/","url":"https:\/\/bufet-valles.com\/es\/servicios-juridicos\/","name":"SERVICIOS JUR\u00cdDICOS - BUFET VALL\u00c8S ARB\u00d3S","isPartOf":{"@id":"https:\/\/bufet-valles.com\/#website"},"datePublished":"2017-05-05T12:51:09+00:00","dateModified":"2017-05-09T10:51:23+00:00","breadcrumb":{"@id":"https:\/\/bufet-valles.com\/es\/servicios-juridicos\/#breadcrumb"},"inLanguage":"es","potentialAction":[{"@type":"ReadAction","target":["https:\/\/bufet-valles.com\/es\/servicios-juridicos\/"]}]},{"@type":"BreadcrumbList","@id":"https:\/\/bufet-valles.com\/es\/servicios-juridicos\/#breadcrumb","itemListElement":[{"@type":"ListItem","position":1,"name":"Portada","item":"https:\/\/bufet-valles.com\/es\/"},{"@type":"ListItem","position":2,"name":"SERVICIOS JUR\u00cdDICOS"}]},{"@type":"WebSite","@id":"https:\/\/bufet-valles.com\/#website","url":"https:\/\/bufet-valles.com\/","name":"BUFET VALLES ADVOCATS BARCELONA","description":"ESPECIALITIZATS EN DRET CIVIL, MERCANTIL, IMMOBILIARI, CONCURSAL I DRET PROCESAL I PENAL ECON\u00d2MIC","potentialAction":[{"@type":"SearchAction","target":{"@type":"EntryPoint","urlTemplate":"https:\/\/bufet-valles.com\/?s={search_term_string}"},"query-input":{"@type":"PropertyValueSpecification","valueRequired":true,"valueName":"search_term_string"}}],"inLanguage":"es"}]}},"_links":{"self":[{"href":"https:\/\/bufet-valles.com\/es\/wp-json\/wp\/v2\/pages\/382"}],"collection":[{"href":"https:\/\/bufet-valles.com\/es\/wp-json\/wp\/v2\/pages"}],"about":[{"href":"https:\/\/bufet-valles.com\/es\/wp-json\/wp\/v2\/types\/page"}],"author":[{"embeddable":true,"href":"https:\/\/bufet-valles.com\/es\/wp-json\/wp\/v2\/users\/1"}],"replies":[{"embeddable":true,"href":"https:\/\/bufet-valles.com\/es\/wp-json\/wp\/v2\/comments?post=382"}],"version-history":[{"count":1,"href":"https:\/\/bufet-valles.com\/es\/wp-json\/wp\/v2\/pages\/382\/revisions"}],"predecessor-version":[{"id":383,"href":"https:\/\/bufet-valles.com\/es\/wp-json\/wp\/v2\/pages\/382\/revisions\/383"}],"wp:attachment":[{"href":"https:\/\/bufet-valles.com\/es\/wp-json\/wp\/v2\/media?parent=382"}],"curies":[{"name":"wp","href":"https:\/\/api.w.org\/{rel}","templated":true}]}}