{"id":297,"date":"2017-05-05T12:15:25","date_gmt":"2017-05-05T12:15:25","guid":{"rendered":"http:\/\/bufet-valles.com\/?page_id=297\/"},"modified":"2017-05-09T11:28:17","modified_gmt":"2017-05-09T11:28:17","slug":"home","status":"publish","type":"page","link":"https:\/\/bufet-valles.com\/fr\/","title":{"rendered":"ACCUEIL"},"content":{"rendered":"<p>[et_pb_section bb_built=\u00a0\u00bb1&Prime; admin_label=\u00a0\u00bbSecci\u00f3n\u00a0\u00bb fullwidth=\u00a0\u00bbon\u00a0\u00bb specialty=\u00a0\u00bboff\u00a0\u00bb][et_pb_fullwidth_slider admin_label=\u00a0\u00bbControl deslizante de anchura completa\u00a0\u00bb show_arrows=\u00a0\u00bbon\u00a0\u00bb show_pagination=\u00a0\u00bbon\u00a0\u00bb auto=\u00a0\u00bbon\u00a0\u00bb auto_ignore_hover=\u00a0\u00bboff\u00a0\u00bb parallax=\u00a0\u00bboff\u00a0\u00bb parallax_method=\u00a0\u00bboff\u00a0\u00bb remove_inner_shadow=\u00a0\u00bboff\u00a0\u00bb background_position=\u00a0\u00bbdefault\u00a0\u00bb background_size=\u00a0\u00bbdefault\u00a0\u00bb hide_content_on_mobile=\u00a0\u00bboff\u00a0\u00bb hide_cta_on_mobile=\u00a0\u00bboff\u00a0\u00bb show_image_video_mobile=\u00a0\u00bboff\u00a0\u00bb custom_button=\u00a0\u00bboff\u00a0\u00bb button_letter_spacing=\u00a0\u00bb0&Prime; button_use_icon=\u00a0\u00bbdefault\u00a0\u00bb button_icon_placement=\u00a0\u00bbright\u00a0\u00bb button_on_hover=\u00a0\u00bbon\u00a0\u00bb button_letter_spacing_hover=\u00a0\u00bb0&Prime;] [et_pb_slide heading=\u00a0\u00bbCabinet d\u2019Avocats VALL\u00c8S ARB\u00d3S\u00a0\u00bb background_position=\u00a0\u00bbdefault\u00a0\u00bb background_size=\u00a0\u00bbdefault\u00a0\u00bb background_color=\u00a0\u00bb#ffffff\u00a0\u00bb use_bg_overlay=\u00a0\u00bboff\u00a0\u00bb use_text_overlay=\u00a0\u00bboff\u00a0\u00bb alignment=\u00a0\u00bbcenter\u00a0\u00bb background_layout=\u00a0\u00bblight\u00a0\u00bb allow_player_pause=\u00a0\u00bboff\u00a0\u00bb text_border_radius=\u00a0\u00bb3&Prime; header_font_select=\u00a0\u00bbdefault\u00a0\u00bb header_font=\u00a0\u00bb||||\u00a0\u00bb body_font_select=\u00a0\u00bbdefault\u00a0\u00bb body_font=\u00a0\u00bb||||\u00a0\u00bb custom_button=\u00a0\u00bbon\u00a0\u00bb button_font_select=\u00a0\u00bbdefault\u00a0\u00bb button_font=\u00a0\u00bb||||\u00a0\u00bb button_use_icon=\u00a0\u00bbdefault\u00a0\u00bb button_icon_placement=\u00a0\u00bbright\u00a0\u00bb button_on_hover=\u00a0\u00bbon\u00a0\u00bb background_image=\u00a0\u00bbhttp:\/\/bufet-valles.com\/wp-content\/uploads\/2016\/05\/VALLESsliders7.png\u00a0\u00bb button_bg_color=\u00a0\u00bb#e09900&Prime; header_font_size=\u00a0\u00bb42&Prime; header_font_size_tablet=\u00a0\u00bb80&Prime; header_font_size_phone=\u00a0\u00bb80&Prime; button_text_size_tablet=\u00a0\u00bb40&Prime; button_text_size_phone=\u00a0\u00bb40&Prime;]<\/p>\n<h1 class=\"p1\"><span class=\"s1\" style=\"color: #ffffff;\">45 ans d\u2019exp\u00e9rience<\/span><\/h1>\n<p>[\/et_pb_slide][et_pb_slide heading=\u00a0\u00bbCabinet d\u2019Avocats VALL\u00c8S ARB\u00d3S\u00a0\u00bb background_position=\u00a0\u00bbdefault\u00a0\u00bb background_size=\u00a0\u00bbdefault\u00a0\u00bb background_color=\u00a0\u00bb#ffffff\u00a0\u00bb use_bg_overlay=\u00a0\u00bboff\u00a0\u00bb use_text_overlay=\u00a0\u00bboff\u00a0\u00bb alignment=\u00a0\u00bbcenter\u00a0\u00bb background_layout=\u00a0\u00bblight\u00a0\u00bb allow_player_pause=\u00a0\u00bboff\u00a0\u00bb text_border_radius=\u00a0\u00bb3&Prime; header_font_select=\u00a0\u00bbdefault\u00a0\u00bb header_font=\u00a0\u00bb||||\u00a0\u00bb body_font_select=\u00a0\u00bbdefault\u00a0\u00bb body_font=\u00a0\u00bb||||\u00a0\u00bb custom_button=\u00a0\u00bbon\u00a0\u00bb button_font_select=\u00a0\u00bbdefault\u00a0\u00bb button_font=\u00a0\u00bb||||\u00a0\u00bb button_use_icon=\u00a0\u00bbdefault\u00a0\u00bb button_icon_placement=\u00a0\u00bbright\u00a0\u00bb button_on_hover=\u00a0\u00bbon\u00a0\u00bb background_image=\u00a0\u00bbhttp:\/\/bufet-valles.com\/wp-content\/uploads\/2016\/05\/VALLESsliders4.png\u00a0\u00bb button_bg_color=\u00a0\u00bb#e09900&Prime; header_font_size=\u00a0\u00bb42&Prime; header_font_size_tablet=\u00a0\u00bb80&Prime; header_font_size_phone=\u00a0\u00bb80&Prime; button_text_size_tablet=\u00a0\u00bb40&Prime; button_text_size_phone=\u00a0\u00bb40&Prime;]<\/p>\n<h1 class=\"p1\"><span class=\"s1\" style=\"color: #ffffff;\">45 ans d\u2019exp\u00e9rience<\/span><\/h1>\n<p>[\/et_pb_slide][et_pb_slide heading=\u00a0\u00bbCabinet d\u2019Avocats VALL\u00c8S ARB\u00d3S\u00a0\u00bb background_position=\u00a0\u00bbdefault\u00a0\u00bb background_size=\u00a0\u00bbdefault\u00a0\u00bb background_color=\u00a0\u00bb#ffffff\u00a0\u00bb use_bg_overlay=\u00a0\u00bboff\u00a0\u00bb use_text_overlay=\u00a0\u00bboff\u00a0\u00bb alignment=\u00a0\u00bbcenter\u00a0\u00bb background_layout=\u00a0\u00bblight\u00a0\u00bb allow_player_pause=\u00a0\u00bboff\u00a0\u00bb text_border_radius=\u00a0\u00bb3&Prime; header_font_select=\u00a0\u00bbdefault\u00a0\u00bb header_font=\u00a0\u00bb||||\u00a0\u00bb body_font_select=\u00a0\u00bbdefault\u00a0\u00bb body_font=\u00a0\u00bb||||\u00a0\u00bb custom_button=\u00a0\u00bbon\u00a0\u00bb button_font_select=\u00a0\u00bbdefault\u00a0\u00bb button_font=\u00a0\u00bb||||\u00a0\u00bb button_use_icon=\u00a0\u00bbdefault\u00a0\u00bb button_icon_placement=\u00a0\u00bbright\u00a0\u00bb button_on_hover=\u00a0\u00bbon\u00a0\u00bb background_image=\u00a0\u00bbhttp:\/\/bufet-valles.com\/wp-content\/uploads\/2016\/05\/VALLESslidersGRANSplaca.png\u00a0\u00bb button_bg_color=\u00a0\u00bb#e09900&Prime; header_font_size=\u00a0\u00bb42&Prime; header_font_size_tablet=\u00a0\u00bb80&Prime; header_font_size_phone=\u00a0\u00bb80&Prime; button_text_size_tablet=\u00a0\u00bb40&Prime; button_text_size_phone=\u00a0\u00bb40&Prime;]<\/p>\n<h1 class=\"p1\"><span class=\"s1\" style=\"color: #ffffff;\">45 ans d\u2019exp\u00e9rience<\/span><\/h1>\n<p>[\/et_pb_slide][et_pb_slide heading=\u00a0\u00bbCabinet d\u2019Avocats VALL\u00c8S ARB\u00d3S\u00a0\u00bb background_position=\u00a0\u00bbdefault\u00a0\u00bb background_size=\u00a0\u00bbdefault\u00a0\u00bb background_color=\u00a0\u00bb#ffffff\u00a0\u00bb use_bg_overlay=\u00a0\u00bboff\u00a0\u00bb use_text_overlay=\u00a0\u00bboff\u00a0\u00bb alignment=\u00a0\u00bbcenter\u00a0\u00bb background_layout=\u00a0\u00bblight\u00a0\u00bb allow_player_pause=\u00a0\u00bboff\u00a0\u00bb text_border_radius=\u00a0\u00bb3&Prime; header_font_select=\u00a0\u00bbdefault\u00a0\u00bb header_font=\u00a0\u00bb||||\u00a0\u00bb body_font_select=\u00a0\u00bbdefault\u00a0\u00bb body_font=\u00a0\u00bb||||\u00a0\u00bb custom_button=\u00a0\u00bbon\u00a0\u00bb button_font_select=\u00a0\u00bbdefault\u00a0\u00bb button_font=\u00a0\u00bb||||\u00a0\u00bb button_use_icon=\u00a0\u00bbdefault\u00a0\u00bb button_icon_placement=\u00a0\u00bbright\u00a0\u00bb button_on_hover=\u00a0\u00bbon\u00a0\u00bb background_image=\u00a0\u00bbhttp:\/\/bufet-valles.com\/wp-content\/uploads\/2016\/05\/VALLESsliderMADRID-1.png\u00a0\u00bb button_bg_color=\u00a0\u00bb#e09900&Prime; header_font_size=\u00a0\u00bb42&Prime; header_font_size_tablet=\u00a0\u00bb80&Prime; header_font_size_phone=\u00a0\u00bb80&Prime; button_text_size_tablet=\u00a0\u00bb40&Prime; button_text_size_phone=\u00a0\u00bb40&Prime;]<\/p>\n<h1 class=\"p1\"><span class=\"s1\" style=\"color: #ffffff;\">45 ans d\u2019exp\u00e9rience<\/span><\/h1>\n<p>[\/et_pb_slide][et_pb_slide heading=\u00a0\u00bbCabinet d\u2019Avocats VALL\u00c8S ARB\u00d3S\u00a0\u00bb background_position=\u00a0\u00bbdefault\u00a0\u00bb background_size=\u00a0\u00bbdefault\u00a0\u00bb background_color=\u00a0\u00bb#ffffff\u00a0\u00bb use_bg_overlay=\u00a0\u00bboff\u00a0\u00bb use_text_overlay=\u00a0\u00bboff\u00a0\u00bb alignment=\u00a0\u00bbcenter\u00a0\u00bb background_layout=\u00a0\u00bblight\u00a0\u00bb allow_player_pause=\u00a0\u00bboff\u00a0\u00bb text_border_radius=\u00a0\u00bb3&Prime; header_font_select=\u00a0\u00bbdefault\u00a0\u00bb header_font=\u00a0\u00bb||||\u00a0\u00bb body_font_select=\u00a0\u00bbdefault\u00a0\u00bb body_font=\u00a0\u00bb||||\u00a0\u00bb custom_button=\u00a0\u00bbon\u00a0\u00bb button_font_select=\u00a0\u00bbdefault\u00a0\u00bb button_font=\u00a0\u00bb||||\u00a0\u00bb button_use_icon=\u00a0\u00bbdefault\u00a0\u00bb button_icon_placement=\u00a0\u00bbright\u00a0\u00bb button_on_hover=\u00a0\u00bbon\u00a0\u00bb background_image=\u00a0\u00bbhttp:\/\/bufet-valles.com\/wp-content\/uploads\/2016\/05\/VALLESsliders5.png\u00a0\u00bb button_bg_color=\u00a0\u00bb#e09900&Prime; header_font_size=\u00a0\u00bb42&Prime; header_font_size_tablet=\u00a0\u00bb80&Prime; header_font_size_phone=\u00a0\u00bb80&Prime; button_text_size_tablet=\u00a0\u00bb40&Prime; button_text_size_phone=\u00a0\u00bb40&Prime;]<\/p>\n<h1 class=\"p1\"><span class=\"s1\" style=\"color: #ffffff;\">45 ans d\u2019exp\u00e9rience<\/span><\/h1>\n<p>[\/et_pb_slide][et_pb_slide heading=\u00a0\u00bbCabinet d\u2019Avocats VALL\u00c8S ARB\u00d3S\u00a0\u00bb background_position=\u00a0\u00bbdefault\u00a0\u00bb background_size=\u00a0\u00bbdefault\u00a0\u00bb background_color=\u00a0\u00bb#ffffff\u00a0\u00bb use_bg_overlay=\u00a0\u00bboff\u00a0\u00bb use_text_overlay=\u00a0\u00bboff\u00a0\u00bb alignment=\u00a0\u00bbcenter\u00a0\u00bb background_layout=\u00a0\u00bblight\u00a0\u00bb allow_player_pause=\u00a0\u00bboff\u00a0\u00bb text_border_radius=\u00a0\u00bb3&Prime; header_font_select=\u00a0\u00bbdefault\u00a0\u00bb header_font=\u00a0\u00bb||||\u00a0\u00bb body_font_select=\u00a0\u00bbdefault\u00a0\u00bb body_font=\u00a0\u00bb||||\u00a0\u00bb custom_button=\u00a0\u00bbon\u00a0\u00bb button_font_select=\u00a0\u00bbdefault\u00a0\u00bb button_font=\u00a0\u00bb||||\u00a0\u00bb button_use_icon=\u00a0\u00bbdefault\u00a0\u00bb button_icon_placement=\u00a0\u00bbright\u00a0\u00bb button_on_hover=\u00a0\u00bbon\u00a0\u00bb background_image=\u00a0\u00bbhttp:\/\/bufet-valles.com\/wp-content\/uploads\/2016\/05\/VALLESsliders6.png\u00a0\u00bb button_bg_color=\u00a0\u00bb#e09900&Prime; header_font_size=\u00a0\u00bb42&Prime; header_font_size_tablet=\u00a0\u00bb80&Prime; header_font_size_phone=\u00a0\u00bb80&Prime; button_text_size_tablet=\u00a0\u00bb40&Prime; button_text_size_phone=\u00a0\u00bb40&Prime;]<\/p>\n<h1 class=\"p1\"><span class=\"s1\" style=\"color: #ffffff;\">45 ans d\u2019exp\u00e9rience<\/span><\/h1>\n<p>[\/et_pb_slide] [\/et_pb_fullwidth_slider][\/et_pb_section][et_pb_section bb_built=\u00a0\u00bb1&Prime; admin_label=\u00a0\u00bbSecci\u00f3n\u00a0\u00bb fullwidth=\u00a0\u00bbon\u00a0\u00bb specialty=\u00a0\u00bboff\u00a0\u00bb][et_pb_fullwidth_header admin_label=\u00a0\u00bbT\u00edtulo de anchura completa\u00a0\u00bb title=\u00a0\u00bbAVOCATS EN DROIT CIVIL, COMMERCIAL, IMMOBILIER ET FAILLITE, PROC\u00c9DURAL ET P\u00c9NAL\u00a0\u00bb background_layout=\u00a0\u00bblight\u00a0\u00bb text_orientation=\u00a0\u00bbcenter\u00a0\u00bb header_fullscreen=\u00a0\u00bboff\u00a0\u00bb header_scroll_down=\u00a0\u00bboff\u00a0\u00bb button_one_text=\u00a0\u00bbVOIR NOS SERVICES\u00a0\u00bb background_color=\u00a0\u00bb#e0d0b8&Prime; parallax=\u00a0\u00bboff\u00a0\u00bb parallax_method=\u00a0\u00bboff\u00a0\u00bb content_orientation=\u00a0\u00bbcenter\u00a0\u00bb image_orientation=\u00a0\u00bbcenter\u00a0\u00bb custom_button_one=\u00a0\u00bboff\u00a0\u00bb button_one_letter_spacing=\u00a0\u00bb0&Prime; button_one_use_icon=\u00a0\u00bbdefault\u00a0\u00bb button_one_icon_placement=\u00a0\u00bbright\u00a0\u00bb button_one_on_hover=\u00a0\u00bbon\u00a0\u00bb button_one_letter_spacing_hover=\u00a0\u00bb0&Prime; custom_button_two=\u00a0\u00bbon\u00a0\u00bb button_two_letter_spacing=\u00a0\u00bb0&Prime; button_two_use_icon=\u00a0\u00bbdefault\u00a0\u00bb button_two_icon_placement=\u00a0\u00bbright\u00a0\u00bb button_two_on_hover=\u00a0\u00bbon\u00a0\u00bb button_two_letter_spacing_hover=\u00a0\u00bb0&Prime; content_font_color=\u00a0\u00bb#000000&Prime; title_text_color=\u00a0\u00bb#000000&Prime; button_two_text_color=\u00a0\u00bb#000000&Prime; button_one_url=\u00a0\u00bbhttp:\/\/bufet-valles.com\/fr\/services-juridiques\/\u00a0\u00bb \/][\/et_pb_section][et_pb_section bb_built=\u00a0\u00bb1&Prime; admin_label=\u00a0\u00bbSecci\u00f3n\u00a0\u00bb fullwidth=\u00a0\u00bboff\u00a0\u00bb specialty=\u00a0\u00bboff\u00a0\u00bb transparent_background=\u00a0\u00bboff\u00a0\u00bb background_color=\u00a0\u00bb#eae6dc\u00a0\u00bb allow_player_pause=\u00a0\u00bboff\u00a0\u00bb inner_shadow=\u00a0\u00bboff\u00a0\u00bb parallax=\u00a0\u00bboff\u00a0\u00bb parallax_method=\u00a0\u00bbon\u00a0\u00bb make_fullwidth=\u00a0\u00bboff\u00a0\u00bb use_custom_width=\u00a0\u00bboff\u00a0\u00bb width_unit=\u00a0\u00bbon\u00a0\u00bb make_equal=\u00a0\u00bboff\u00a0\u00bb use_custom_gutter=\u00a0\u00bboff\u00a0\u00bb][et_pb_row admin_label=\u00a0\u00bbFila\u00a0\u00bb][et_pb_column type=\u00a0\u00bb1_3&Prime;][et_pb_blurb admin_label=\u00a0\u00bbAnuncio\u00a0\u00bb title=\u00a0\u00bbVOCATION\u00a0\u00bb url_new_window=\u00a0\u00bboff\u00a0\u00bb use_icon=\u00a0\u00bbon\u00a0\u00bb font_icon=\u00a0\u00bb%%168%%\u00a0\u00bb icon_color=\u00a0\u00bb#dd9933&Prime; use_circle=\u00a0\u00bboff\u00a0\u00bb circle_color=\u00a0\u00bb#dd9933&Prime; use_circle_border=\u00a0\u00bboff\u00a0\u00bb circle_border_color=\u00a0\u00bb#dd9933&Prime; icon_placement=\u00a0\u00bbtop\u00a0\u00bb animation=\u00a0\u00bbtop\u00a0\u00bb background_layout=\u00a0\u00bblight\u00a0\u00bb text_orientation=\u00a0\u00bbcenter\u00a0\u00bb use_icon_font_size=\u00a0\u00bboff\u00a0\u00bb use_border_color=\u00a0\u00bboff\u00a0\u00bb border_color=\u00a0\u00bb#ffffff\u00a0\u00bb border_style=\u00a0\u00bbsolid\u00a0\u00bb]<\/p>\n<p class=\"p1\" style=\"text-align: center;\"><span class=\"s1\">De service \u00e0 nos clients pour d\u00e9fendre leurs int\u00e9r\u00eats.<\/span><\/p>\n<p>[\/et_pb_blurb][\/et_pb_column][et_pb_column type=\u00a0\u00bb1_3&Prime;][et_pb_blurb admin_label=\u00a0\u00bbAnuncio\u00a0\u00bb title=\u00a0\u00bbPHILOSOPHIE\u00a0\u00bb url_new_window=\u00a0\u00bboff\u00a0\u00bb use_icon=\u00a0\u00bbon\u00a0\u00bb font_icon=\u00a0\u00bb%%254%%\u00a0\u00bb icon_color=\u00a0\u00bb#dd9933&Prime; use_circle=\u00a0\u00bboff\u00a0\u00bb circle_color=\u00a0\u00bb#dd9933&Prime; use_circle_border=\u00a0\u00bboff\u00a0\u00bb circle_border_color=\u00a0\u00bb#dd9933&Prime; icon_placement=\u00a0\u00bbtop\u00a0\u00bb animation=\u00a0\u00bbtop\u00a0\u00bb background_layout=\u00a0\u00bblight\u00a0\u00bb text_orientation=\u00a0\u00bbcenter\u00a0\u00bb use_icon_font_size=\u00a0\u00bboff\u00a0\u00bb use_border_color=\u00a0\u00bboff\u00a0\u00bb border_color=\u00a0\u00bb#ffffff\u00a0\u00bb border_style=\u00a0\u00bbsolid\u00a0\u00bb]<\/p>\n<p class=\"p1\" style=\"text-align: center;\"><span class=\"s1\">En exercice de la profession<br \/>\nsur trois piliers:<br \/>\n<\/span><span class=\"s1\">\u00c9THIQUE, PROFESSIONNALISME ET CONFIANCE.<\/span><\/p>\n<p>[\/et_pb_blurb][\/et_pb_column][et_pb_column type=\u00a0\u00bb1_3&Prime;][et_pb_blurb admin_label=\u00a0\u00bbAnuncio\u00a0\u00bb title=\u00a0\u00bbORIENTATION\u00a0\u00bb url_new_window=\u00a0\u00bboff\u00a0\u00bb use_icon=\u00a0\u00bbon\u00a0\u00bb font_icon=\u00a0\u00bb%%164%%\u00a0\u00bb icon_color=\u00a0\u00bb#dd9933&Prime; use_circle=\u00a0\u00bboff\u00a0\u00bb circle_color=\u00a0\u00bb#dd9933&Prime; use_circle_border=\u00a0\u00bboff\u00a0\u00bb circle_border_color=\u00a0\u00bb#dd9933&Prime; icon_placement=\u00a0\u00bbtop\u00a0\u00bb animation=\u00a0\u00bbtop\u00a0\u00bb background_layout=\u00a0\u00bblight\u00a0\u00bb text_orientation=\u00a0\u00bbcenter\u00a0\u00bb use_icon_font_size=\u00a0\u00bboff\u00a0\u00bb use_border_color=\u00a0\u00bboff\u00a0\u00bb border_color=\u00a0\u00bb#ffffff\u00a0\u00bb border_style=\u00a0\u00bbsolid\u00a0\u00bb]<\/p>\n<p class=\"p1\" style=\"text-align: center;\"><span class=\"s1\">On s\u2019adapte aux d\u00e9fits futurs d\u2019una mani\u00e8re solide et efficace<\/span><\/p>\n<p>[\/et_pb_blurb][\/et_pb_column][\/et_pb_row][\/et_pb_section][et_pb_section bb_built=\u00a0\u00bb1&Prime; admin_label=\u00a0\u00bbsection\u00a0\u00bb][et_pb_row admin_label=\u00a0\u00bbrow\u00a0\u00bb][et_pb_column type=\u00a0\u00bb1_3&Prime;][et_pb_image admin_label=\u00a0\u00bbImagen\u00a0\u00bb src=\u00a0\u00bbhttp:\/\/bufet-valles.com\/wp-content\/uploads\/2016\/05\/fachadabufet.png\u00a0\u00bb show_in_lightbox=\u00a0\u00bboff\u00a0\u00bb url_new_window=\u00a0\u00bboff\u00a0\u00bb use_overlay=\u00a0\u00bboff\u00a0\u00bb animation=\u00a0\u00bbleft\u00a0\u00bb sticky=\u00a0\u00bboff\u00a0\u00bb align=\u00a0\u00bbcenter\u00a0\u00bb force_fullwidth=\u00a0\u00bboff\u00a0\u00bb always_center_on_mobile=\u00a0\u00bbon\u00a0\u00bb use_border_color=\u00a0\u00bboff\u00a0\u00bb border_color=\u00a0\u00bb#ffffff\u00a0\u00bb border_style=\u00a0\u00bbsolid\u00a0\u00bb \/][\/et_pb_column][et_pb_column type=\u00a0\u00bb2_3&Prime;][et_pb_text admin_label=\u00a0\u00bbTexto\u00a0\u00bb background_layout=\u00a0\u00bblight\u00a0\u00bb text_orientation=\u00a0\u00bbleft\u00a0\u00bb use_border_color=\u00a0\u00bboff\u00a0\u00bb border_color=\u00a0\u00bb#ffffff\u00a0\u00bb border_style=\u00a0\u00bbsolid\u00a0\u00bb]<\/p>\n<h2><span style=\"color: #ff9900;\">Cabinet d\u2019avocats <strong>Vall\u00e8s Arb\u00f3s<\/strong><\/span><\/h2>\n<p>[\/et_pb_text][et_pb_text admin_label=\u00a0\u00bbTexto\u00a0\u00bb background_layout=\u00a0\u00bblight\u00a0\u00bb text_orientation=\u00a0\u00bbleft\u00a0\u00bb use_border_color=\u00a0\u00bboff\u00a0\u00bb border_color=\u00a0\u00bb#ffffff\u00a0\u00bb border_style=\u00a0\u00bbsolid\u00a0\u00bb]<\/p>\n<p class=\"p1\"><span class=\"s1\">Fond\u00e9e en 1971 <\/span><span class=\"s2\">par<\/span><span class=\"s1\"> <b>Pere Vall\u00e8s Arb\u00f3s<\/b>, apr\u00e8s <\/span><span class=\"s2\">avoir acquis de l\u2019exp\u00e9rience en travaillant dans<\/span><span class=\"s1\"> diff\u00e9rentes entreprises reconnues \u00e0 Barcelone.<\/span><\/p>\n<p class=\"p1\"><span class=\"s1\">Soutenu par un <\/span><span class=\"s2\">renouvellement<\/span><span class=\"s1\"> de g\u00e9n\u00e9ration,\u00a0<b>ARB\u00d3S HOME FIRM<\/b>\u00a0est, <\/span><span class=\"s2\">actuellement<\/span><span class=\"s1\">, un cabinet d\u2019avocats <\/span><span class=\"s2\">multidisciplinaire qui compte sur une solide \u00e9quipe professionnelle<\/span> <span class=\"s2\">d\u2019<\/span><span class=\"s1\">haut niveau <\/span><span class=\"s2\">form\u00e9e par<\/span><span class=\"s1\"> une <\/span><span class=\"s2\">quarantaine<\/span><span class=\"s1\"> de professionnels qui fournissent des conseils complets \u00e0 <\/span><span class=\"s2\">leurs<\/span><span class=\"s1\"> clients depuis ses bureaux de Barcelone et Madrid.<\/span><\/p>\n<p class=\"p1\"><span class=\"s1\">Durant<\/span><span class=\"s1\">\u00a0plus de 45 ans, nous avons r\u00e9ussi \u00e0 atteindre les objectifs propos\u00e9s lors de la cr\u00e9ation de l\u2019entreprise, consistant \u00e0 pouvoir gagner la\u00a0<\/span><span class=\"s1\">confiance et la reconnaissance de nos clients.<\/span><\/p>\n<p>[\/et_pb_text][\/et_pb_column][\/et_pb_row][\/et_pb_section]<\/p>\n","protected":false},"excerpt":{"rendered":"<p>45 ans d\u2019exp\u00e9rience 45 ans d\u2019exp\u00e9rience 45 ans d\u2019exp\u00e9rience 45 ans d\u2019exp\u00e9rience 45 ans d\u2019exp\u00e9rience 45 ans d\u2019exp\u00e9rience De service \u00e0 nos clients pour d\u00e9fendre leurs int\u00e9r\u00eats. En exercice de la profession sur trois piliers: \u00c9THIQUE, PROFESSIONNALISME ET CONFIANCE. On s\u2019adapte aux d\u00e9fits futurs d\u2019una mani\u00e8re solide et efficace Cabinet d\u2019avocats Vall\u00e8s Arb\u00f3s Fond\u00e9e en [&hellip;]<\/p>\n","protected":false},"author":1,"featured_media":0,"parent":0,"menu_order":0,"comment_status":"closed","ping_status":"closed","template":"","meta":{"_et_pb_use_builder":"on","_et_pb_old_content":"<p>This is an example page. It's different from a blog post because it will stay in one place and will show up in your site navigation (in most themes). Most people start with an About page that introduces them to potential site visitors. It might say something like this:<\/p><blockquote><p>Hi there! I'm a bike messenger by day, aspiring actor by night, and this is my website. I live in Los Angeles, have a great dog named Jack, and I like pi\u00f1a coladas. (And gettin' caught in the rain.)<\/p><\/blockquote><p>...or something like this:<\/p><blockquote><p>The XYZ Doohickey Company was founded in 1971, and has been providing quality doohickeys to the public ever since. Located in Gotham City, XYZ employs over 2,000 people and does all kinds of awesome things for the Gotham community.<\/p><\/blockquote><p>As a new WordPress user, you should go to <a href=\"http:\/\/bufet-valles.com\/wp-admin\/\">your dashboard<\/a> to delete this page and create new pages for your content. Have fun!<\/p>","_et_gb_content_width":"","footnotes":""},"class_list":["post-297","page","type-page","status-publish","hentry"],"yoast_head":"<!-- This site is optimized with the Yoast SEO plugin v23.4 - https:\/\/yoast.com\/wordpress\/plugins\/seo\/ -->\n<title>ACCUEIL - BUFET VALL\u00c8S ARB\u00d3S<\/title>\n<meta name=\"robots\" content=\"index, follow, max-snippet:-1, max-image-preview:large, max-video-preview:-1\" \/>\n<link rel=\"canonical\" href=\"https:\/\/bufet-valles.com\/fr\/home\/\" \/>\n<meta property=\"og:locale\" content=\"fr_FR\" \/>\n<meta property=\"og:type\" content=\"article\" \/>\n<meta property=\"og:title\" content=\"ACCUEIL - BUFET VALL\u00c8S ARB\u00d3S\" \/>\n<meta property=\"og:description\" content=\"45 ans d\u2019exp\u00e9rience 45 ans d\u2019exp\u00e9rience 45 ans d\u2019exp\u00e9rience 45 ans d\u2019exp\u00e9rience 45 ans d\u2019exp\u00e9rience 45 ans d\u2019exp\u00e9rience De service \u00e0 nos clients pour d\u00e9fendre leurs int\u00e9r\u00eats. En exercice de la profession sur trois piliers: \u00c9THIQUE, PROFESSIONNALISME ET CONFIANCE. On s\u2019adapte aux d\u00e9fits futurs d\u2019una mani\u00e8re solide et efficace Cabinet d\u2019avocats Vall\u00e8s Arb\u00f3s Fond\u00e9e en [&hellip;]\" \/>\n<meta property=\"og:url\" content=\"https:\/\/bufet-valles.com\/fr\/home\/\" \/>\n<meta property=\"og:site_name\" content=\"BUFET VALL\u00c8S ARB\u00d3S\" \/>\n<meta property=\"article:modified_time\" content=\"2017-05-09T11:28:17+00:00\" \/>\n<meta name=\"twitter:card\" content=\"summary_large_image\" \/>\n<meta name=\"twitter:label1\" content=\"Dur\u00e9e de lecture estim\u00e9e\" \/>\n\t<meta name=\"twitter:data1\" content=\"7 minutes\" \/>\n<script type=\"application\/ld+json\" class=\"yoast-schema-graph\">{\"@context\":\"https:\/\/schema.org\",\"@graph\":[{\"@type\":\"WebPage\",\"@id\":\"https:\/\/bufet-valles.com\/fr\/home\/\",\"url\":\"https:\/\/bufet-valles.com\/fr\/home\/\",\"name\":\"ACCUEIL - BUFET VALL\u00c8S ARB\u00d3S\",\"isPartOf\":{\"@id\":\"https:\/\/bufet-valles.com\/#website\"},\"datePublished\":\"2017-05-05T12:15:25+00:00\",\"dateModified\":\"2017-05-09T11:28:17+00:00\",\"breadcrumb\":{\"@id\":\"https:\/\/bufet-valles.com\/fr\/home\/#breadcrumb\"},\"inLanguage\":\"fr-FR\",\"potentialAction\":[{\"@type\":\"ReadAction\",\"target\":[\"https:\/\/bufet-valles.com\/fr\/home\/\"]}]},{\"@type\":\"BreadcrumbList\",\"@id\":\"https:\/\/bufet-valles.com\/fr\/home\/#breadcrumb\",\"itemListElement\":[{\"@type\":\"ListItem\",\"position\":1,\"name\":\"Portada\",\"item\":\"https:\/\/bufet-valles.com\/fr\/home\/\"},{\"@type\":\"ListItem\",\"position\":2,\"name\":\"ACCUEIL\"}]},{\"@type\":\"WebSite\",\"@id\":\"https:\/\/bufet-valles.com\/#website\",\"url\":\"https:\/\/bufet-valles.com\/\",\"name\":\"BUFET VALLES ADVOCATS BARCELONA\",\"description\":\"ESPECIALITIZATS EN DRET CIVIL, MERCANTIL, IMMOBILIARI, CONCURSAL I DRET PROCESAL I PENAL ECON\u00d2MIC\",\"potentialAction\":[{\"@type\":\"SearchAction\",\"target\":{\"@type\":\"EntryPoint\",\"urlTemplate\":\"https:\/\/bufet-valles.com\/?s={search_term_string}\"},\"query-input\":{\"@type\":\"PropertyValueSpecification\",\"valueRequired\":true,\"valueName\":\"search_term_string\"}}],\"inLanguage\":\"fr-FR\"}]}<\/script>\n<!-- \/ Yoast SEO plugin. -->","yoast_head_json":{"title":"ACCUEIL - BUFET VALL\u00c8S ARB\u00d3S","robots":{"index":"index","follow":"follow","max-snippet":"max-snippet:-1","max-image-preview":"max-image-preview:large","max-video-preview":"max-video-preview:-1"},"canonical":"https:\/\/bufet-valles.com\/fr\/home\/","og_locale":"fr_FR","og_type":"article","og_title":"ACCUEIL - BUFET VALL\u00c8S ARB\u00d3S","og_description":"45 ans d\u2019exp\u00e9rience 45 ans d\u2019exp\u00e9rience 45 ans d\u2019exp\u00e9rience 45 ans d\u2019exp\u00e9rience 45 ans d\u2019exp\u00e9rience 45 ans d\u2019exp\u00e9rience De service \u00e0 nos clients pour d\u00e9fendre leurs int\u00e9r\u00eats. En exercice de la profession sur trois piliers: \u00c9THIQUE, PROFESSIONNALISME ET CONFIANCE. On s\u2019adapte aux d\u00e9fits futurs d\u2019una mani\u00e8re solide et efficace Cabinet d\u2019avocats Vall\u00e8s Arb\u00f3s Fond\u00e9e en [&hellip;]","og_url":"https:\/\/bufet-valles.com\/fr\/home\/","og_site_name":"BUFET VALL\u00c8S ARB\u00d3S","article_modified_time":"2017-05-09T11:28:17+00:00","twitter_card":"summary_large_image","twitter_misc":{"Dur\u00e9e de lecture estim\u00e9e":"7 minutes"},"schema":{"@context":"https:\/\/schema.org","@graph":[{"@type":"WebPage","@id":"https:\/\/bufet-valles.com\/fr\/home\/","url":"https:\/\/bufet-valles.com\/fr\/home\/","name":"ACCUEIL - BUFET VALL\u00c8S ARB\u00d3S","isPartOf":{"@id":"https:\/\/bufet-valles.com\/#website"},"datePublished":"2017-05-05T12:15:25+00:00","dateModified":"2017-05-09T11:28:17+00:00","breadcrumb":{"@id":"https:\/\/bufet-valles.com\/fr\/home\/#breadcrumb"},"inLanguage":"fr-FR","potentialAction":[{"@type":"ReadAction","target":["https:\/\/bufet-valles.com\/fr\/home\/"]}]},{"@type":"BreadcrumbList","@id":"https:\/\/bufet-valles.com\/fr\/home\/#breadcrumb","itemListElement":[{"@type":"ListItem","position":1,"name":"Portada","item":"https:\/\/bufet-valles.com\/fr\/home\/"},{"@type":"ListItem","position":2,"name":"ACCUEIL"}]},{"@type":"WebSite","@id":"https:\/\/bufet-valles.com\/#website","url":"https:\/\/bufet-valles.com\/","name":"BUFET VALLES ADVOCATS BARCELONA","description":"ESPECIALITIZATS EN DRET CIVIL, MERCANTIL, IMMOBILIARI, CONCURSAL I DRET PROCESAL I PENAL ECON\u00d2MIC","potentialAction":[{"@type":"SearchAction","target":{"@type":"EntryPoint","urlTemplate":"https:\/\/bufet-valles.com\/?s={search_term_string}"},"query-input":{"@type":"PropertyValueSpecification","valueRequired":true,"valueName":"search_term_string"}}],"inLanguage":"fr-FR"}]}},"_links":{"self":[{"href":"https:\/\/bufet-valles.com\/fr\/wp-json\/wp\/v2\/pages\/297"}],"collection":[{"href":"https:\/\/bufet-valles.com\/fr\/wp-json\/wp\/v2\/pages"}],"about":[{"href":"https:\/\/bufet-valles.com\/fr\/wp-json\/wp\/v2\/types\/page"}],"author":[{"embeddable":true,"href":"https:\/\/bufet-valles.com\/fr\/wp-json\/wp\/v2\/users\/1"}],"replies":[{"embeddable":true,"href":"https:\/\/bufet-valles.com\/fr\/wp-json\/wp\/v2\/comments?post=297"}],"version-history":[{"count":12,"href":"https:\/\/bufet-valles.com\/fr\/wp-json\/wp\/v2\/pages\/297\/revisions"}],"predecessor-version":[{"id":424,"href":"https:\/\/bufet-valles.com\/fr\/wp-json\/wp\/v2\/pages\/297\/revisions\/424"}],"wp:attachment":[{"href":"https:\/\/bufet-valles.com\/fr\/wp-json\/wp\/v2\/media?parent=297"}],"curies":[{"name":"wp","href":"https:\/\/api.w.org\/{rel}","templated":true}]}}