{"id":314,"date":"2017-05-05T12:23:57","date_gmt":"2017-05-05T12:23:57","guid":{"rendered":"http:\/\/bufet-valles.com\/?page_id=314\/"},"modified":"2017-05-09T11:11:00","modified_gmt":"2017-05-09T11:11:00","slug":"lentreprise","status":"publish","type":"page","link":"https:\/\/bufet-valles.com\/fr\/lentreprise\/","title":{"rendered":"L&rsquo;ENTREPRISE"},"content":{"rendered":"<p>[et_pb_section bb_built=\u00a0\u00bb1&Prime; admin_label=\u00a0\u00bbSecci\u00f3n\u00a0\u00bb fullwidth=\u00a0\u00bbon\u00a0\u00bb specialty=\u00a0\u00bboff\u00a0\u00bb][et_pb_fullwidth_header admin_label=\u00a0\u00bbT\u00edtulo de anchura completa\u00a0\u00bb title=\u00a0\u00bbL&rsquo;ENTREPRISE \u00a0\u00bb background_layout=\u00a0\u00bbdark\u00a0\u00bb text_orientation=\u00a0\u00bbleft\u00a0\u00bb header_fullscreen=\u00a0\u00bboff\u00a0\u00bb header_scroll_down=\u00a0\u00bboff\u00a0\u00bb background_url=\u00a0\u00bbhttp:\/\/bufet-valles.com\/wp-content\/uploads\/2017\/03\/VALLESslidersFAC\u0327ANA4.png\u00a0\u00bb parallax=\u00a0\u00bboff\u00a0\u00bb parallax_method=\u00a0\u00bboff\u00a0\u00bb content_orientation=\u00a0\u00bbcenter\u00a0\u00bb image_orientation=\u00a0\u00bbcenter\u00a0\u00bb custom_button_one=\u00a0\u00bboff\u00a0\u00bb button_one_letter_spacing=\u00a0\u00bb0&Prime; button_one_use_icon=\u00a0\u00bbdefault\u00a0\u00bb button_one_icon_placement=\u00a0\u00bbright\u00a0\u00bb button_one_on_hover=\u00a0\u00bbon\u00a0\u00bb button_one_letter_spacing_hover=\u00a0\u00bb0&Prime; custom_button_two=\u00a0\u00bboff\u00a0\u00bb button_two_letter_spacing=\u00a0\u00bb0&Prime; button_two_use_icon=\u00a0\u00bbdefault\u00a0\u00bb button_two_icon_placement=\u00a0\u00bbright\u00a0\u00bb button_two_on_hover=\u00a0\u00bbon\u00a0\u00bb button_two_letter_spacing_hover=\u00a0\u00bb0&Prime; subhead=\u00a0\u00bb%22\u00c0 votre service depuis 1971, avec une grande pr\u00e9cision et une fiabilit\u00e9 maximale.%22 \u00a0\u00bb subhead_font_size=\u00a0\u00bb25&Prime; subhead_font_color=\u00a0\u00bb#000000&Prime; \/][\/et_pb_section][et_pb_section bb_built=\u00a0\u00bb1&Prime; admin_label=\u00a0\u00bbsection\u00a0\u00bb transparent_background=\u00a0\u00bboff\u00a0\u00bb background_color=\u00a0\u00bbrgba(224,216,199,0.57)\u00a0\u00bb allow_player_pause=\u00a0\u00bboff\u00a0\u00bb inner_shadow=\u00a0\u00bboff\u00a0\u00bb parallax=\u00a0\u00bboff\u00a0\u00bb parallax_method=\u00a0\u00bbon\u00a0\u00bb make_fullwidth=\u00a0\u00bboff\u00a0\u00bb use_custom_width=\u00a0\u00bboff\u00a0\u00bb width_unit=\u00a0\u00bbon\u00a0\u00bb make_equal=\u00a0\u00bboff\u00a0\u00bb use_custom_gutter=\u00a0\u00bboff\u00a0\u00bb][et_pb_row admin_label=\u00a0\u00bbrow\u00a0\u00bb][et_pb_column type=\u00a0\u00bb1_3&Prime;][et_pb_image admin_label=\u00a0\u00bbImagen\u00a0\u00bb src=\u00a0\u00bbhttp:\/\/bufet-valles.com\/wp-content\/uploads\/2017\/03\/Universitat-Barcelona2_Carrusel-1.jpg\u00a0\u00bb show_in_lightbox=\u00a0\u00bboff\u00a0\u00bb url_new_window=\u00a0\u00bboff\u00a0\u00bb use_overlay=\u00a0\u00bboff\u00a0\u00bb animation=\u00a0\u00bbleft\u00a0\u00bb sticky=\u00a0\u00bboff\u00a0\u00bb align=\u00a0\u00bbleft\u00a0\u00bb force_fullwidth=\u00a0\u00bboff\u00a0\u00bb always_center_on_mobile=\u00a0\u00bbon\u00a0\u00bb use_border_color=\u00a0\u00bboff\u00a0\u00bb border_color=\u00a0\u00bb#ffffff\u00a0\u00bb border_style=\u00a0\u00bbsolid\u00a0\u00bb \/][et_pb_toggle admin_label=\u00a0\u00bbConmutador\u00a0\u00bb title=\u00a0\u00bbNOTRE FONDATEUR\u00a0\u00bb open=\u00a0\u00bboff\u00a0\u00bb use_border_color=\u00a0\u00bboff\u00a0\u00bb border_color=\u00a0\u00bb#ffffff\u00a0\u00bb border_style=\u00a0\u00bbsolid\u00a0\u00bb open_toggle_text_color=\u00a0\u00bb#e09900&Prime; body_text_color=\u00a0\u00bb#000000&Prime; closed_toggle_background_color=\u00a0\u00bb#828282&Prime; closed_toggle_text_color=\u00a0\u00bb#ffffff\u00a0\u00bb]<\/p>\n<p class=\"p1\"><span class=\"s1\">M. <strong>Pere Vall\u00e8s Arb\u00f3s<\/strong>, dipl\u00f4m\u00e9 de l&rsquo;Universit\u00e9 centrale de Barcelone (promotion Alfa-Pedralbes).<\/span><\/p>\n<p class=\"p1\"><span class=\"s1\">Il a exerc\u00e9 la profession avec engagement et intensit\u00e9 depuis plus de 45 ans, sp\u00e9cialis\u00e9 dans les branches du droit civil, du droit immobilier et proc\u00e9dural.<\/span><\/p>\n<p>[\/et_pb_toggle][\/et_pb_column][et_pb_column type=\u00a0\u00bb2_3&Prime;][et_pb_text admin_label=\u00a0\u00bbTexto\u00a0\u00bb background_layout=\u00a0\u00bblight\u00a0\u00bb text_orientation=\u00a0\u00bbleft\u00a0\u00bb use_border_color=\u00a0\u00bboff\u00a0\u00bb border_color=\u00a0\u00bb#ffffff\u00a0\u00bb border_style=\u00a0\u00bbsolid\u00a0\u00bb]<\/p>\n<p class=\"p1\"><span class=\"s1\">Fond\u00e9e en 1971 <\/span><span class=\"s2\">par<\/span><span class=\"s1\"> <b>Pere Vall\u00e8s Arb\u00f3s<\/b>, apr\u00e8s <\/span><span class=\"s2\">avoir acquis de l\u2019exp\u00e9rience en travaillant dans<\/span><span class=\"s1\"> diff\u00e9rentes entreprises reconnues \u00e0 Barcelone.<\/span><\/p>\n<p class=\"p1\"><span class=\"s1\">Soutenu par un <\/span><span class=\"s2\">renouvellement<\/span><span class=\"s1\"> de g\u00e9n\u00e9ration,\u00a0<b>ARB\u00d3S HOME FIRM<\/b>\u00a0est, <\/span><span class=\"s2\">actuellement<\/span><span class=\"s1\">, un cabinet d\u2019avocats <\/span><span class=\"s2\">multidisciplinaire qui compte sur une solide \u00e9quipe professionnelle<\/span> <span class=\"s2\">d\u2019<\/span><span class=\"s1\">haut niveau <\/span><span class=\"s2\">form\u00e9e par<\/span><span class=\"s1\"> une <\/span><span class=\"s2\">quarantaine<\/span><span class=\"s1\"> de professionnels qui fournissent des conseils complets \u00e0 <\/span><span class=\"s2\">leurs<\/span><span class=\"s1\"> clients depuis ses bureaux de Barcelone et Madrid.<\/span><\/p>\n<p class=\"p1\"><span class=\"s1\">Durant<\/span><span class=\"s1\">\u00a0plus de 45 ans, nous avons r\u00e9ussi \u00e0 atteindre les objectifs propos\u00e9s lors de la cr\u00e9ation de l\u2019entreprise, consistant \u00e0 pouvoir gagner la\u00a0<\/span><span class=\"s1\">confiance et la reconnaissance de nos clients.<\/span><\/p>\n<p>[\/et_pb_text][\/et_pb_column][\/et_pb_row][\/et_pb_section]<\/p>\n","protected":false},"excerpt":{"rendered":"<p>M. Pere Vall\u00e8s Arb\u00f3s, dipl\u00f4m\u00e9 de l&rsquo;Universit\u00e9 centrale de Barcelone (promotion Alfa-Pedralbes). Il a exerc\u00e9 la profession avec engagement et intensit\u00e9 depuis plus de 45 ans, sp\u00e9cialis\u00e9 dans les branches du droit civil, du droit immobilier et proc\u00e9dural. Fond\u00e9e en 1971 par Pere Vall\u00e8s Arb\u00f3s, apr\u00e8s avoir acquis de l\u2019exp\u00e9rience en travaillant dans diff\u00e9rentes entreprises [&hellip;]<\/p>\n","protected":false},"author":1,"featured_media":0,"parent":0,"menu_order":0,"comment_status":"closed","ping_status":"closed","template":"","meta":{"_et_pb_use_builder":"on","_et_pb_old_content":"","_et_gb_content_width":"","footnotes":""},"class_list":["post-314","page","type-page","status-publish","hentry"],"yoast_head":"<!-- This site is optimized with the Yoast SEO plugin v23.4 - https:\/\/yoast.com\/wordpress\/plugins\/seo\/ -->\n<title>L&#039;ENTREPRISE - BUFET VALL\u00c8S ARB\u00d3S<\/title>\n<meta name=\"robots\" content=\"index, follow, max-snippet:-1, max-image-preview:large, max-video-preview:-1\" \/>\n<link rel=\"canonical\" href=\"https:\/\/bufet-valles.com\/fr\/lentreprise\/\" \/>\n<meta property=\"og:locale\" content=\"fr_FR\" \/>\n<meta property=\"og:type\" content=\"article\" \/>\n<meta property=\"og:title\" content=\"L&#039;ENTREPRISE - BUFET VALL\u00c8S ARB\u00d3S\" \/>\n<meta property=\"og:description\" content=\"M. Pere Vall\u00e8s Arb\u00f3s, dipl\u00f4m\u00e9 de l&#039;Universit\u00e9 centrale de Barcelone (promotion Alfa-Pedralbes). Il a exerc\u00e9 la profession avec engagement et intensit\u00e9 depuis plus de 45 ans, sp\u00e9cialis\u00e9 dans les branches du droit civil, du droit immobilier et proc\u00e9dural. Fond\u00e9e en 1971 par Pere Vall\u00e8s Arb\u00f3s, apr\u00e8s avoir acquis de l\u2019exp\u00e9rience en travaillant dans diff\u00e9rentes entreprises [&hellip;]\" \/>\n<meta property=\"og:url\" content=\"https:\/\/bufet-valles.com\/fr\/lentreprise\/\" \/>\n<meta property=\"og:site_name\" content=\"BUFET VALL\u00c8S ARB\u00d3S\" \/>\n<meta property=\"article:modified_time\" content=\"2017-05-09T11:11:00+00:00\" \/>\n<meta name=\"twitter:card\" content=\"summary_large_image\" \/>\n<meta name=\"twitter:label1\" content=\"Dur\u00e9e de lecture estim\u00e9e\" \/>\n\t<meta name=\"twitter:data1\" content=\"2 minutes\" \/>\n<script type=\"application\/ld+json\" class=\"yoast-schema-graph\">{\"@context\":\"https:\/\/schema.org\",\"@graph\":[{\"@type\":\"WebPage\",\"@id\":\"https:\/\/bufet-valles.com\/fr\/lentreprise\/\",\"url\":\"https:\/\/bufet-valles.com\/fr\/lentreprise\/\",\"name\":\"L'ENTREPRISE - BUFET VALL\u00c8S ARB\u00d3S\",\"isPartOf\":{\"@id\":\"https:\/\/bufet-valles.com\/#website\"},\"datePublished\":\"2017-05-05T12:23:57+00:00\",\"dateModified\":\"2017-05-09T11:11:00+00:00\",\"breadcrumb\":{\"@id\":\"https:\/\/bufet-valles.com\/fr\/lentreprise\/#breadcrumb\"},\"inLanguage\":\"fr-FR\",\"potentialAction\":[{\"@type\":\"ReadAction\",\"target\":[\"https:\/\/bufet-valles.com\/fr\/lentreprise\/\"]}]},{\"@type\":\"BreadcrumbList\",\"@id\":\"https:\/\/bufet-valles.com\/fr\/lentreprise\/#breadcrumb\",\"itemListElement\":[{\"@type\":\"ListItem\",\"position\":1,\"name\":\"Portada\",\"item\":\"https:\/\/bufet-valles.com\/fr\/home\/\"},{\"@type\":\"ListItem\",\"position\":2,\"name\":\"L&#8217;ENTREPRISE\"}]},{\"@type\":\"WebSite\",\"@id\":\"https:\/\/bufet-valles.com\/#website\",\"url\":\"https:\/\/bufet-valles.com\/\",\"name\":\"BUFET VALLES ADVOCATS BARCELONA\",\"description\":\"ESPECIALITIZATS EN DRET CIVIL, MERCANTIL, IMMOBILIARI, CONCURSAL I DRET PROCESAL I PENAL ECON\u00d2MIC\",\"potentialAction\":[{\"@type\":\"SearchAction\",\"target\":{\"@type\":\"EntryPoint\",\"urlTemplate\":\"https:\/\/bufet-valles.com\/?s={search_term_string}\"},\"query-input\":{\"@type\":\"PropertyValueSpecification\",\"valueRequired\":true,\"valueName\":\"search_term_string\"}}],\"inLanguage\":\"fr-FR\"}]}<\/script>\n<!-- \/ Yoast SEO plugin. -->","yoast_head_json":{"title":"L'ENTREPRISE - BUFET VALL\u00c8S ARB\u00d3S","robots":{"index":"index","follow":"follow","max-snippet":"max-snippet:-1","max-image-preview":"max-image-preview:large","max-video-preview":"max-video-preview:-1"},"canonical":"https:\/\/bufet-valles.com\/fr\/lentreprise\/","og_locale":"fr_FR","og_type":"article","og_title":"L'ENTREPRISE - BUFET VALL\u00c8S ARB\u00d3S","og_description":"M. Pere Vall\u00e8s Arb\u00f3s, dipl\u00f4m\u00e9 de l'Universit\u00e9 centrale de Barcelone (promotion Alfa-Pedralbes). Il a exerc\u00e9 la profession avec engagement et intensit\u00e9 depuis plus de 45 ans, sp\u00e9cialis\u00e9 dans les branches du droit civil, du droit immobilier et proc\u00e9dural. Fond\u00e9e en 1971 par Pere Vall\u00e8s Arb\u00f3s, apr\u00e8s avoir acquis de l\u2019exp\u00e9rience en travaillant dans diff\u00e9rentes entreprises [&hellip;]","og_url":"https:\/\/bufet-valles.com\/fr\/lentreprise\/","og_site_name":"BUFET VALL\u00c8S ARB\u00d3S","article_modified_time":"2017-05-09T11:11:00+00:00","twitter_card":"summary_large_image","twitter_misc":{"Dur\u00e9e de lecture estim\u00e9e":"2 minutes"},"schema":{"@context":"https:\/\/schema.org","@graph":[{"@type":"WebPage","@id":"https:\/\/bufet-valles.com\/fr\/lentreprise\/","url":"https:\/\/bufet-valles.com\/fr\/lentreprise\/","name":"L'ENTREPRISE - BUFET VALL\u00c8S ARB\u00d3S","isPartOf":{"@id":"https:\/\/bufet-valles.com\/#website"},"datePublished":"2017-05-05T12:23:57+00:00","dateModified":"2017-05-09T11:11:00+00:00","breadcrumb":{"@id":"https:\/\/bufet-valles.com\/fr\/lentreprise\/#breadcrumb"},"inLanguage":"fr-FR","potentialAction":[{"@type":"ReadAction","target":["https:\/\/bufet-valles.com\/fr\/lentreprise\/"]}]},{"@type":"BreadcrumbList","@id":"https:\/\/bufet-valles.com\/fr\/lentreprise\/#breadcrumb","itemListElement":[{"@type":"ListItem","position":1,"name":"Portada","item":"https:\/\/bufet-valles.com\/fr\/home\/"},{"@type":"ListItem","position":2,"name":"L&#8217;ENTREPRISE"}]},{"@type":"WebSite","@id":"https:\/\/bufet-valles.com\/#website","url":"https:\/\/bufet-valles.com\/","name":"BUFET VALLES ADVOCATS BARCELONA","description":"ESPECIALITIZATS EN DRET CIVIL, MERCANTIL, IMMOBILIARI, CONCURSAL I DRET PROCESAL I PENAL ECON\u00d2MIC","potentialAction":[{"@type":"SearchAction","target":{"@type":"EntryPoint","urlTemplate":"https:\/\/bufet-valles.com\/?s={search_term_string}"},"query-input":{"@type":"PropertyValueSpecification","valueRequired":true,"valueName":"search_term_string"}}],"inLanguage":"fr-FR"}]}},"_links":{"self":[{"href":"https:\/\/bufet-valles.com\/fr\/wp-json\/wp\/v2\/pages\/314"}],"collection":[{"href":"https:\/\/bufet-valles.com\/fr\/wp-json\/wp\/v2\/pages"}],"about":[{"href":"https:\/\/bufet-valles.com\/fr\/wp-json\/wp\/v2\/types\/page"}],"author":[{"embeddable":true,"href":"https:\/\/bufet-valles.com\/fr\/wp-json\/wp\/v2\/users\/1"}],"replies":[{"embeddable":true,"href":"https:\/\/bufet-valles.com\/fr\/wp-json\/wp\/v2\/comments?post=314"}],"version-history":[{"count":3,"href":"https:\/\/bufet-valles.com\/fr\/wp-json\/wp\/v2\/pages\/314\/revisions"}],"predecessor-version":[{"id":413,"href":"https:\/\/bufet-valles.com\/fr\/wp-json\/wp\/v2\/pages\/314\/revisions\/413"}],"wp:attachment":[{"href":"https:\/\/bufet-valles.com\/fr\/wp-json\/wp\/v2\/media?parent=314"}],"curies":[{"name":"wp","href":"https:\/\/api.w.org\/{rel}","templated":true}]}}