{"id":329,"date":"2017-05-05T12:26:11","date_gmt":"2017-05-05T12:26:11","guid":{"rendered":"http:\/\/bufet-valles.com\/?page_id=329\/"},"modified":"2017-05-09T11:15:52","modified_gmt":"2017-05-09T11:15:52","slug":"services-juridiques","status":"publish","type":"page","link":"https:\/\/bufet-valles.com\/fr\/services-juridiques\/","title":{"rendered":"SERVICES JURIDIQUES"},"content":{"rendered":"<p>[et_pb_section bb_built=\u00a0\u00bb1&Prime; admin_label=\u00a0\u00bbSecci\u00f3n\u00a0\u00bb fullwidth=\u00a0\u00bbon\u00a0\u00bb specialty=\u00a0\u00bboff\u00a0\u00bb][et_pb_fullwidth_header admin_label=\u00a0\u00bbT\u00edtulo de anchura completa\u00a0\u00bb title=\u00a0\u00bbSERVICES JURIDIQUES\u00a0\u00bb background_layout=\u00a0\u00bbdark\u00a0\u00bb text_orientation=\u00a0\u00bbleft\u00a0\u00bb header_fullscreen=\u00a0\u00bboff\u00a0\u00bb header_scroll_down=\u00a0\u00bboff\u00a0\u00bb background_url=\u00a0\u00bbhttp:\/\/bufet-valles.com\/wp-content\/uploads\/2017\/03\/VALLESslidersBUFET.png\u00a0\u00bb parallax=\u00a0\u00bboff\u00a0\u00bb parallax_method=\u00a0\u00bboff\u00a0\u00bb content_orientation=\u00a0\u00bbcenter\u00a0\u00bb image_orientation=\u00a0\u00bbcenter\u00a0\u00bb custom_button_one=\u00a0\u00bboff\u00a0\u00bb button_one_letter_spacing=\u00a0\u00bb0&Prime; button_one_use_icon=\u00a0\u00bbdefault\u00a0\u00bb button_one_icon_placement=\u00a0\u00bbright\u00a0\u00bb button_one_on_hover=\u00a0\u00bbon\u00a0\u00bb button_one_letter_spacing_hover=\u00a0\u00bb0&Prime; custom_button_two=\u00a0\u00bboff\u00a0\u00bb button_two_letter_spacing=\u00a0\u00bb0&Prime; button_two_use_icon=\u00a0\u00bbdefault\u00a0\u00bb button_two_icon_placement=\u00a0\u00bbright\u00a0\u00bb button_two_on_hover=\u00a0\u00bbon\u00a0\u00bb button_two_letter_spacing_hover=\u00a0\u00bb0&Prime; \/][\/et_pb_section][et_pb_section bb_built=\u00a0\u00bb1&Prime; admin_label=\u00a0\u00bbsection\u00a0\u00bb][et_pb_row admin_label=\u00a0\u00bbFila\u00a0\u00bb][et_pb_column type=\u00a0\u00bb1_3&Prime;][et_pb_toggle admin_label=\u00a0\u00bbConmutador\u00a0\u00bb title=\u00a0\u00bbDROIT CIVIL\u00a0\u00bb open=\u00a0\u00bboff\u00a0\u00bb use_border_color=\u00a0\u00bboff\u00a0\u00bb border_color=\u00a0\u00bb#ffffff\u00a0\u00bb border_style=\u00a0\u00bbsolid\u00a0\u00bb]<\/p>\n<p class=\"p1\"><span class=\"s1\">Conseils sur les conflits entre personnes, obligations et contrats, responsabilit\u00e9 civile, droits de propri\u00e9t\u00e9, succession et famille.<\/span><\/p>\n<p>[\/et_pb_toggle][\/et_pb_column][et_pb_column type=\u00a0\u00bb1_3&Prime;][et_pb_toggle admin_label=\u00a0\u00bbConmutador\u00a0\u00bb title=\u00a0\u00bbDROIT DES AFFAIRES, COMMERCIAL ET CORPORATIF\u00a0\u00bb open=\u00a0\u00bboff\u00a0\u00bb use_border_color=\u00a0\u00bboff\u00a0\u00bb border_color=\u00a0\u00bb#ffffff\u00a0\u00bb border_style=\u00a0\u00bbsolid\u00a0\u00bb]<\/p>\n<p class=\"p1\"><span class=\"s1\">Nos services <\/span><span class=\"s2\">comprennent<\/span><span class=\"s1\"> la r\u00e9alisation des <\/span><span class=\"s2\">Dues diligences<\/span><span class=\"s1\">, l\u2019\u00e9mission d\u2019avis juridiques, l\u2019ex\u00e9cution de transactions d\u2019entreprises: pacte d\u2019actionnaires\u00a0et administration des secr\u00e9tariats.<\/span><\/p>\n<p>[\/et_pb_toggle][\/et_pb_column][et_pb_column type=\u00a0\u00bb1_3&Prime;][et_pb_toggle admin_label=\u00a0\u00bbConmutador\u00a0\u00bb title=\u00a0\u00bbDROIT PROC\u00c9DURAL\u00a0\u00bb open=\u00a0\u00bboff\u00a0\u00bb use_border_color=\u00a0\u00bboff\u00a0\u00bb border_color=\u00a0\u00bb#ffffff\u00a0\u00bb border_style=\u00a0\u00bbsolid\u00a0\u00bb]<\/p>\n<p class=\"p1\"><span class=\"s1\">Notre cabinet dispose d&rsquo;\u00e9quipes professionnelles compos\u00e9es d&rsquo;experts\u00a0<\/span><span class=\"s1\">en mati\u00e8re de contentieux<\/span>. Nous couvrons de multiples aspects dans les domaines li\u00e9s au droit civil, immobilier, commercial et p\u00e9nal.<\/p>\n<p>[\/et_pb_toggle][\/et_pb_column][\/et_pb_row][et_pb_row admin_label=\u00a0\u00bbFila\u00a0\u00bb][et_pb_column type=\u00a0\u00bb1_3&Prime;][et_pb_toggle admin_label=\u00a0\u00bbConmutador\u00a0\u00bb title=\u00a0\u00bbDROIT IMMOBILIER ET PLANIFICATION URBAINE\u00a0\u00bb open=\u00a0\u00bboff\u00a0\u00bb use_border_color=\u00a0\u00bboff\u00a0\u00bb border_color=\u00a0\u00bb#ffffff\u00a0\u00bb border_style=\u00a0\u00bbsolid\u00a0\u00bb]<\/p>\n<p class=\"p1\"><span class=\"s1\">Nous fournissons des conseils sur l&rsquo;achat et la vente de tous les types d&rsquo;actifs immobiliers; Les v\u00e9rifications juridiques li\u00e9es \u00e0 l&rsquo;acquisition d&rsquo;actifs;\u00a0<\/span><span class=\"s1\">avis sur le processus des contrats de construction<\/span><span class=\"s1\">, fourniture de services immobiliers, etc.<\/span><\/p>\n<p>[\/et_pb_toggle][\/et_pb_column][et_pb_column type=\u00a0\u00bb1_3&Prime;][et_pb_toggle admin_label=\u00a0\u00bbConmutador\u00a0\u00bb title=\u00a0\u00bbDROIT DES SOCI\u00c9T\u00c9S\u00a0\u00bb open=\u00a0\u00bboff\u00a0\u00bb use_border_color=\u00a0\u00bboff\u00a0\u00bb border_color=\u00a0\u00bb#ffffff\u00a0\u00bb border_style=\u00a0\u00bbsolid\u00a0\u00bb]<\/p>\n<p class=\"p1\"><span class=\"s1\">Pr\u00e9paration et soumission des proc\u00e9dures de faillite requises et volontaires. Contestation\u00a0et reconnaissance des cr\u00e9dits. Incidents de r\u00e9solution de la faillite dans les contrats civils et commerciaux et exercice d&rsquo;actions d&rsquo;annulation.<\/span><\/p>\n<p>[\/et_pb_toggle][\/et_pb_column][et_pb_column type=\u00a0\u00bb1_3&Prime;][et_pb_toggle admin_label=\u00a0\u00bbConmutador\u00a0\u00bb title=\u00a0\u00bbDROIT P\u00c9NAL FINANCIER\u00a0\u00bb open=\u00a0\u00bboff\u00a0\u00bb use_border_color=\u00a0\u00bboff\u00a0\u00bb border_color=\u00a0\u00bb#ffffff\u00a0\u00bb border_style=\u00a0\u00bbsolid\u00a0\u00bb]<\/p>\n<p class=\"p1\"><span class=\"s1\">Conseils sur les questions li\u00e9es \u00e0 la fraude, aux d\u00e9tournements de fonds, aux d\u00e9lits corporatifs, \u00e0 l&rsquo;insolvabilit\u00e9 punissable, aux faux et aux crimes fiscaux.<\/span><\/p>\n<p>[\/et_pb_toggle][\/et_pb_column][\/et_pb_row][\/et_pb_section]<\/p>\n","protected":false},"excerpt":{"rendered":"<p>Conseils sur les conflits entre personnes, obligations et contrats, responsabilit\u00e9 civile, droits de propri\u00e9t\u00e9, succession et famille. Nos services comprennent la r\u00e9alisation des Dues diligences, l\u2019\u00e9mission d\u2019avis juridiques, l\u2019ex\u00e9cution de transactions d\u2019entreprises: pacte d\u2019actionnaires\u00a0et administration des secr\u00e9tariats. Notre cabinet dispose d&rsquo;\u00e9quipes professionnelles compos\u00e9es d&rsquo;experts\u00a0en mati\u00e8re de contentieux. Nous couvrons de multiples aspects dans les domaines [&hellip;]<\/p>\n","protected":false},"author":1,"featured_media":0,"parent":0,"menu_order":0,"comment_status":"closed","ping_status":"closed","template":"","meta":{"_et_pb_use_builder":"on","_et_pb_old_content":"","_et_gb_content_width":"","footnotes":""},"class_list":["post-329","page","type-page","status-publish","hentry"],"yoast_head":"<!-- This site is optimized with the Yoast SEO plugin v23.4 - https:\/\/yoast.com\/wordpress\/plugins\/seo\/ -->\n<title>SERVICES JURIDIQUES - BUFET VALL\u00c8S ARB\u00d3S<\/title>\n<meta name=\"robots\" content=\"index, follow, max-snippet:-1, max-image-preview:large, max-video-preview:-1\" \/>\n<link rel=\"canonical\" href=\"https:\/\/bufet-valles.com\/fr\/services-juridiques\/\" \/>\n<meta property=\"og:locale\" content=\"fr_FR\" \/>\n<meta property=\"og:type\" content=\"article\" \/>\n<meta property=\"og:title\" content=\"SERVICES JURIDIQUES - BUFET VALL\u00c8S ARB\u00d3S\" \/>\n<meta property=\"og:description\" content=\"Conseils sur les conflits entre personnes, obligations et contrats, responsabilit\u00e9 civile, droits de propri\u00e9t\u00e9, succession et famille. Nos services comprennent la r\u00e9alisation des Dues diligences, l\u2019\u00e9mission d\u2019avis juridiques, l\u2019ex\u00e9cution de transactions d\u2019entreprises: pacte d\u2019actionnaires\u00a0et administration des secr\u00e9tariats. Notre cabinet dispose d&#039;\u00e9quipes professionnelles compos\u00e9es d&#039;experts\u00a0en mati\u00e8re de contentieux. Nous couvrons de multiples aspects dans les domaines [&hellip;]\" \/>\n<meta property=\"og:url\" content=\"https:\/\/bufet-valles.com\/fr\/services-juridiques\/\" \/>\n<meta property=\"og:site_name\" content=\"BUFET VALL\u00c8S ARB\u00d3S\" \/>\n<meta property=\"article:modified_time\" content=\"2017-05-09T11:15:52+00:00\" \/>\n<meta name=\"twitter:card\" content=\"summary_large_image\" \/>\n<meta name=\"twitter:label1\" content=\"Dur\u00e9e de lecture estim\u00e9e\" \/>\n\t<meta name=\"twitter:data1\" content=\"3 minutes\" \/>\n<script type=\"application\/ld+json\" class=\"yoast-schema-graph\">{\"@context\":\"https:\/\/schema.org\",\"@graph\":[{\"@type\":\"WebPage\",\"@id\":\"https:\/\/bufet-valles.com\/fr\/services-juridiques\/\",\"url\":\"https:\/\/bufet-valles.com\/fr\/services-juridiques\/\",\"name\":\"SERVICES JURIDIQUES - BUFET VALL\u00c8S ARB\u00d3S\",\"isPartOf\":{\"@id\":\"https:\/\/bufet-valles.com\/#website\"},\"datePublished\":\"2017-05-05T12:26:11+00:00\",\"dateModified\":\"2017-05-09T11:15:52+00:00\",\"breadcrumb\":{\"@id\":\"https:\/\/bufet-valles.com\/fr\/services-juridiques\/#breadcrumb\"},\"inLanguage\":\"fr-FR\",\"potentialAction\":[{\"@type\":\"ReadAction\",\"target\":[\"https:\/\/bufet-valles.com\/fr\/services-juridiques\/\"]}]},{\"@type\":\"BreadcrumbList\",\"@id\":\"https:\/\/bufet-valles.com\/fr\/services-juridiques\/#breadcrumb\",\"itemListElement\":[{\"@type\":\"ListItem\",\"position\":1,\"name\":\"Portada\",\"item\":\"https:\/\/bufet-valles.com\/fr\/home\/\"},{\"@type\":\"ListItem\",\"position\":2,\"name\":\"SERVICES JURIDIQUES\"}]},{\"@type\":\"WebSite\",\"@id\":\"https:\/\/bufet-valles.com\/#website\",\"url\":\"https:\/\/bufet-valles.com\/\",\"name\":\"BUFET VALLES ADVOCATS BARCELONA\",\"description\":\"ESPECIALITIZATS EN DRET CIVIL, MERCANTIL, IMMOBILIARI, CONCURSAL I DRET PROCESAL I PENAL ECON\u00d2MIC\",\"potentialAction\":[{\"@type\":\"SearchAction\",\"target\":{\"@type\":\"EntryPoint\",\"urlTemplate\":\"https:\/\/bufet-valles.com\/?s={search_term_string}\"},\"query-input\":{\"@type\":\"PropertyValueSpecification\",\"valueRequired\":true,\"valueName\":\"search_term_string\"}}],\"inLanguage\":\"fr-FR\"}]}<\/script>\n<!-- \/ Yoast SEO plugin. -->","yoast_head_json":{"title":"SERVICES JURIDIQUES - BUFET VALL\u00c8S ARB\u00d3S","robots":{"index":"index","follow":"follow","max-snippet":"max-snippet:-1","max-image-preview":"max-image-preview:large","max-video-preview":"max-video-preview:-1"},"canonical":"https:\/\/bufet-valles.com\/fr\/services-juridiques\/","og_locale":"fr_FR","og_type":"article","og_title":"SERVICES JURIDIQUES - BUFET VALL\u00c8S ARB\u00d3S","og_description":"Conseils sur les conflits entre personnes, obligations et contrats, responsabilit\u00e9 civile, droits de propri\u00e9t\u00e9, succession et famille. Nos services comprennent la r\u00e9alisation des Dues diligences, l\u2019\u00e9mission d\u2019avis juridiques, l\u2019ex\u00e9cution de transactions d\u2019entreprises: pacte d\u2019actionnaires\u00a0et administration des secr\u00e9tariats. Notre cabinet dispose d'\u00e9quipes professionnelles compos\u00e9es d'experts\u00a0en mati\u00e8re de contentieux. Nous couvrons de multiples aspects dans les domaines [&hellip;]","og_url":"https:\/\/bufet-valles.com\/fr\/services-juridiques\/","og_site_name":"BUFET VALL\u00c8S ARB\u00d3S","article_modified_time":"2017-05-09T11:15:52+00:00","twitter_card":"summary_large_image","twitter_misc":{"Dur\u00e9e de lecture estim\u00e9e":"3 minutes"},"schema":{"@context":"https:\/\/schema.org","@graph":[{"@type":"WebPage","@id":"https:\/\/bufet-valles.com\/fr\/services-juridiques\/","url":"https:\/\/bufet-valles.com\/fr\/services-juridiques\/","name":"SERVICES JURIDIQUES - BUFET VALL\u00c8S ARB\u00d3S","isPartOf":{"@id":"https:\/\/bufet-valles.com\/#website"},"datePublished":"2017-05-05T12:26:11+00:00","dateModified":"2017-05-09T11:15:52+00:00","breadcrumb":{"@id":"https:\/\/bufet-valles.com\/fr\/services-juridiques\/#breadcrumb"},"inLanguage":"fr-FR","potentialAction":[{"@type":"ReadAction","target":["https:\/\/bufet-valles.com\/fr\/services-juridiques\/"]}]},{"@type":"BreadcrumbList","@id":"https:\/\/bufet-valles.com\/fr\/services-juridiques\/#breadcrumb","itemListElement":[{"@type":"ListItem","position":1,"name":"Portada","item":"https:\/\/bufet-valles.com\/fr\/home\/"},{"@type":"ListItem","position":2,"name":"SERVICES JURIDIQUES"}]},{"@type":"WebSite","@id":"https:\/\/bufet-valles.com\/#website","url":"https:\/\/bufet-valles.com\/","name":"BUFET VALLES ADVOCATS BARCELONA","description":"ESPECIALITIZATS EN DRET CIVIL, MERCANTIL, IMMOBILIARI, CONCURSAL I DRET PROCESAL I PENAL ECON\u00d2MIC","potentialAction":[{"@type":"SearchAction","target":{"@type":"EntryPoint","urlTemplate":"https:\/\/bufet-valles.com\/?s={search_term_string}"},"query-input":{"@type":"PropertyValueSpecification","valueRequired":true,"valueName":"search_term_string"}}],"inLanguage":"fr-FR"}]}},"_links":{"self":[{"href":"https:\/\/bufet-valles.com\/fr\/wp-json\/wp\/v2\/pages\/329"}],"collection":[{"href":"https:\/\/bufet-valles.com\/fr\/wp-json\/wp\/v2\/pages"}],"about":[{"href":"https:\/\/bufet-valles.com\/fr\/wp-json\/wp\/v2\/types\/page"}],"author":[{"embeddable":true,"href":"https:\/\/bufet-valles.com\/fr\/wp-json\/wp\/v2\/users\/1"}],"replies":[{"embeddable":true,"href":"https:\/\/bufet-valles.com\/fr\/wp-json\/wp\/v2\/comments?post=329"}],"version-history":[{"count":6,"href":"https:\/\/bufet-valles.com\/fr\/wp-json\/wp\/v2\/pages\/329\/revisions"}],"predecessor-version":[{"id":417,"href":"https:\/\/bufet-valles.com\/fr\/wp-json\/wp\/v2\/pages\/329\/revisions\/417"}],"wp:attachment":[{"href":"https:\/\/bufet-valles.com\/fr\/wp-json\/wp\/v2\/media?parent=329"}],"curies":[{"name":"wp","href":"https:\/\/api.w.org\/{rel}","templated":true}]}}