{"id":334,"date":"2017-05-05T12:29:18","date_gmt":"2017-05-05T12:29:18","guid":{"rendered":"http:\/\/bufet-valles.com\/?page_id=334\/"},"modified":"2024-09-26T11:41:24","modified_gmt":"2024-09-26T11:41:24","slug":"contact","status":"publish","type":"page","link":"https:\/\/bufet-valles.com\/fr\/contact\/","title":{"rendered":"CONTACT"},"content":{"rendered":"<p>[et_pb_section fb_built=\u00a0\u00bb1&Prime; fullwidth=\u00a0\u00bbon\u00a0\u00bb _builder_version=\u00a0\u00bb4.16&Prime; global_colors_info=\u00a0\u00bb{}\u00a0\u00bb][et_pb_fullwidth_header title=\u00a0\u00bbCONTACTEZ NOUS\u00a0\u00bb content_max_width=\u00a0\u00bbnone\u00a0\u00bb _builder_version=\u00a0\u00bb4.16&Prime; background_color=\u00a0\u00bbrgba(255, 255, 255, 0)\u00a0\u00bb background_image=\u00a0\u00bbhttp:\/\/bufet-valles.com\/wp-content\/uploads\/2017\/03\/VALLESslidersBCNMADRID.png\u00a0\u00bb background_url=\u00a0\u00bbhttp:\/\/bufet-valles.com\/wp-content\/uploads\/2017\/03\/VALLESslidersBCNMADRID.png\u00a0\u00bb button_one_letter_spacing_hover=\u00a0\u00bb0&Prime; button_two_letter_spacing_hover=\u00a0\u00bb0&Prime; global_colors_info=\u00a0\u00bb{}\u00a0\u00bb button_one_text_size__hover_enabled=\u00a0\u00bboff\u00a0\u00bb button_two_text_size__hover_enabled=\u00a0\u00bboff\u00a0\u00bb button_one_text_color__hover_enabled=\u00a0\u00bboff\u00a0\u00bb button_two_text_color__hover_enabled=\u00a0\u00bboff\u00a0\u00bb button_one_border_width__hover_enabled=\u00a0\u00bboff\u00a0\u00bb button_two_border_width__hover_enabled=\u00a0\u00bboff\u00a0\u00bb button_one_border_color__hover_enabled=\u00a0\u00bboff\u00a0\u00bb button_two_border_color__hover_enabled=\u00a0\u00bboff\u00a0\u00bb button_one_border_radius__hover_enabled=\u00a0\u00bboff\u00a0\u00bb button_two_border_radius__hover_enabled=\u00a0\u00bboff\u00a0\u00bb button_one_letter_spacing__hover_enabled=\u00a0\u00bbon\u00a0\u00bb button_one_letter_spacing__hover=\u00a0\u00bb0&Prime; button_two_letter_spacing__hover_enabled=\u00a0\u00bbon\u00a0\u00bb button_two_letter_spacing__hover=\u00a0\u00bb0&Prime; button_one_bg_color__hover_enabled=\u00a0\u00bboff\u00a0\u00bb button_two_bg_color__hover_enabled=\u00a0\u00bboff\u00a0\u00bb][\/et_pb_fullwidth_header][\/et_pb_section][et_pb_section fb_built=\u00a0\u00bb1&Prime; admin_label=\u00a0\u00bbsection\u00a0\u00bb _builder_version=\u00a0\u00bb4.16&Prime; global_colors_info=\u00a0\u00bb{}\u00a0\u00bb][et_pb_row admin_label=\u00a0\u00bbrow\u00a0\u00bb _builder_version=\u00a0\u00bb4.16&Prime; background_size=\u00a0\u00bbinitial\u00a0\u00bb background_position=\u00a0\u00bbtop_left\u00a0\u00bb background_repeat=\u00a0\u00bbrepeat\u00a0\u00bb global_colors_info=\u00a0\u00bb{}\u00a0\u00bb column_structure=\u00a0\u00bb1_2,1_2&Prime;][et_pb_column type=\u00a0\u00bb1_2&Prime; _builder_version=\u00a0\u00bb4.16&Prime; custom_padding=\u00a0\u00bb|||\u00a0\u00bb global_colors_info=\u00a0\u00bb{}\u00a0\u00bb custom_padding__hover=\u00a0\u00bb|||\u00a0\u00bb][et_pb_text _builder_version=\u00a0\u00bb4.16&Prime; background_size=\u00a0\u00bbinitial\u00a0\u00bb background_position=\u00a0\u00bbtop_left\u00a0\u00bb background_repeat=\u00a0\u00bbrepeat\u00a0\u00bb use_border_color=\u00a0\u00bboff\u00a0\u00bb border_color=\u00a0\u00bb#ffffff\u00a0\u00bb border_style=\u00a0\u00bbsolid\u00a0\u00bb global_colors_info=\u00a0\u00bb{}\u00a0\u00bb]<\/p>\n<h3><span style=\"color: #ff9900;\">MADRID<\/span><\/h3>\n<h4><span style=\"color: #000000;\">Paseo de la Castellana\u00a0141, 19a Planta<\/span><br \/>\n<span style=\"color: #000000;\">28046<strong> Madrid<\/strong><\/span><\/h4>\n<h4><span style=\"color: #000000;\">Tel\u00e8fon: 91.749.80.92*<br \/>\nFax: \u00a0 \u00a0 \u00a0 91.570.71.99<\/span><br \/>\n<span style=\"color: #000000;\"><br \/>\n<\/span><br \/>\n<span style=\"color: #000000;\"> <strong>E-mail:\u00a0<a style=\"color: #000000;\" href=\"mailto:valles@bufetvalles.com\">valles@bufetvalles.com<\/a><\/strong><\/span><\/h4>\n<p>[\/et_pb_text][et_pb_social_media_follow follow_button=\u00a0\u00bbon\u00a0\u00bb _builder_version=\u00a0\u00bb4.16&Prime; link_shape=\u00a0\u00bbrounded_rectangle\u00a0\u00bb global_colors_info=\u00a0\u00bb{}\u00a0\u00bb][et_pb_social_media_follow_network social_network=\u00a0\u00bblinkedin\u00a0\u00bb url=\u00a0\u00bbhttps:\/\/www.linkedin.com\/company-beta\/2601650\/\u00a0\u00bb _builder_version=\u00a0\u00bb4.16&Prime; background_color=\u00a0\u00bb#007bb6&Prime; bg_color=\u00a0\u00bb#007bb6&Prime; global_colors_info=\u00a0\u00bb{}\u00a0\u00bb follow_button=\u00a0\u00bbon\u00a0\u00bb url_new_window=\u00a0\u00bbon\u00a0\u00bb] LinkedIn [\/et_pb_social_media_follow_network][\/et_pb_social_media_follow][et_pb_code _builder_version=\u00a0\u00bb4.16&Prime; global_colors_info=\u00a0\u00bb{}\u00a0\u00bb]<iframe loading=\"lazy\" src=\"https:\/\/www.google.com\/maps\/embed?pb=!1m18!1m12!1m3!1d3035.709374389156!2d-3.6927506841934346!3d40.45956897936024!2m3!1f0!2f0!3f0!3m2!1i1024!2i768!4f13.1!3m3!1m2!1s0xd42291b7bf8e591%3A0xd5f1a8c63066c94d!2sLexington+-+Business+Center+Madrid!5e0!3m2!1sca!2ses!4v1527074178711\" width=\"600\" height=\"450\" frameborder=\"0\" style=\"border:0\" allowfullscreen><\/iframe>[\/et_pb_code][\/et_pb_column][et_pb_column type=\u00a0\u00bb1_2&Prime; _builder_version=\u00a0\u00bb4.16&Prime; custom_padding=\u00a0\u00bb|||\u00a0\u00bb global_colors_info=\u00a0\u00bb{}\u00a0\u00bb custom_padding__hover=\u00a0\u00bb|||\u00a0\u00bb][et_pb_text _builder_version=\u00a0\u00bb4.16&Prime; background_size=\u00a0\u00bbinitial\u00a0\u00bb background_position=\u00a0\u00bbtop_left\u00a0\u00bb background_repeat=\u00a0\u00bbrepeat\u00a0\u00bb use_border_color=\u00a0\u00bboff\u00a0\u00bb border_color=\u00a0\u00bb#ffffff\u00a0\u00bb border_style=\u00a0\u00bbsolid\u00a0\u00bb global_colors_info=\u00a0\u00bb{}\u00a0\u00bb]<\/p>\n<h3><span style=\"color: #ff9900;\">BARCELONA<\/span><\/h3>\n<h4><span style=\"color: #000000;\">Via Laietana 40, Principal 2\u00aa \/ 1a Planta.<\/span><br \/>\n<span style=\"color: #000000;\"> 08003<strong> Barcelona<\/strong><\/span><\/h4>\n<h4><span style=\"color: #000000;\">Tel\u00e8fon: 93.268.25.54*<\/span><br \/>\n<span style=\"color: #000000;\"> Fax: \u00a0 \u00a0 \u00a0 93.268.39.80<br \/>\n<\/span><br \/>\n<span style=\"color: #000000;\"> <strong>E-mail:\u00a0<a style=\"color: #000000;\" href=\"mailto:valles@bufetvalles.com\">valles@bufetvalles.com<\/a><\/strong><\/span><\/h4>\n<p>[\/et_pb_text][et_pb_social_media_follow follow_button=\u00a0\u00bbon\u00a0\u00bb _builder_version=\u00a0\u00bb4.16&Prime; link_shape=\u00a0\u00bbrounded_rectangle\u00a0\u00bb global_colors_info=\u00a0\u00bb{}\u00a0\u00bb][et_pb_social_media_follow_network social_network=\u00a0\u00bblinkedin\u00a0\u00bb url=\u00a0\u00bbhttps:\/\/www.linkedin.com\/company-beta\/2601650\/\u00a0\u00bb _builder_version=\u00a0\u00bb4.16&Prime; background_color=\u00a0\u00bb#007bb6&Prime; bg_color=\u00a0\u00bb#007bb6&Prime; global_colors_info=\u00a0\u00bb{}\u00a0\u00bb follow_button=\u00a0\u00bbon\u00a0\u00bb url_new_window=\u00a0\u00bbon\u00a0\u00bb] LinkedIn [\/et_pb_social_media_follow_network][\/et_pb_social_media_follow][et_pb_code _builder_version=\u00a0\u00bb4.16&Prime; global_colors_info=\u00a0\u00bb{}\u00a0\u00bb]<iframe loading=\"lazy\" src=\"https:\/\/www.google.com\/maps\/embed?pb=!1m18!1m12!1m3!1d2993.449291117852!2d2.174245615829388!3d41.38604817926437!2m3!1f0!2f0!3f0!3m2!1i1024!2i768!4f13.1!3m3!1m2!1s0x12a4a2fa266e44e9%3A0xb09e7de5fb568daa!2sBUFET+VALL%C3%88S+ARB%C3%93S+-+Advocats!5e0!3m2!1sca!2ses!4v1527073963208\" width=\"600\" height=\"450\" frameborder=\"0\" style=\"border:0\" allowfullscreen><\/iframe>[\/et_pb_code][\/et_pb_column][\/et_pb_row][\/et_pb_section][et_pb_section fb_built=\u00a0\u00bb1&Prime; fullwidth=\u00a0\u00bbon\u00a0\u00bb _builder_version=\u00a0\u00bb4.16&Prime; global_colors_info=\u00a0\u00bb{}\u00a0\u00bb][et_pb_fullwidth_header title=\u00a0\u00bbVoulez-vous travailler avec nous?\u00a0\u00bb subhead=\u00a0\u00bbEnvoyez-nous votre cv\u00a0\u00bb text_orientation=\u00a0\u00bbcenter\u00a0\u00bb button_one_text=\u00a0\u00bbEMAIL: valles@bufet-valles.com\u00a0\u00bb button_one_url=\u00a0\u00bbmailto: valles@bufet-valles.com\u00a0\u00bb content_max_width=\u00a0\u00bbnone\u00a0\u00bb _builder_version=\u00a0\u00bb4.16&Prime; background_color=\u00a0\u00bbrgba(255, 255, 255, 0)\u00a0\u00bb background_layout=\u00a0\u00bblight\u00a0\u00bb button_one_letter_spacing_hover=\u00a0\u00bb0&Prime; button_two_letter_spacing_hover=\u00a0\u00bb0&Prime; global_colors_info=\u00a0\u00bb{}\u00a0\u00bb button_one_text_size__hover_enabled=\u00a0\u00bboff\u00a0\u00bb button_two_text_size__hover_enabled=\u00a0\u00bboff\u00a0\u00bb button_one_text_color__hover_enabled=\u00a0\u00bboff\u00a0\u00bb button_two_text_color__hover_enabled=\u00a0\u00bboff\u00a0\u00bb button_one_border_width__hover_enabled=\u00a0\u00bboff\u00a0\u00bb button_two_border_width__hover_enabled=\u00a0\u00bboff\u00a0\u00bb button_one_border_color__hover_enabled=\u00a0\u00bboff\u00a0\u00bb button_two_border_color__hover_enabled=\u00a0\u00bboff\u00a0\u00bb button_one_border_radius__hover_enabled=\u00a0\u00bboff\u00a0\u00bb button_two_border_radius__hover_enabled=\u00a0\u00bboff\u00a0\u00bb button_one_letter_spacing__hover_enabled=\u00a0\u00bbon\u00a0\u00bb button_one_letter_spacing__hover=\u00a0\u00bb0&Prime; button_two_letter_spacing__hover_enabled=\u00a0\u00bbon\u00a0\u00bb button_two_letter_spacing__hover=\u00a0\u00bb0&Prime; button_one_bg_color__hover_enabled=\u00a0\u00bboff\u00a0\u00bb button_two_bg_color__hover_enabled=\u00a0\u00bboff\u00a0\u00bb][\/et_pb_fullwidth_header][\/et_pb_section]<\/p>\n","protected":false},"excerpt":{"rendered":"<p>MADRID Paseo de la Castellana\u00a0141, 19a Planta 28046 Madrid Tel\u00e8fon: 91.749.80.92* Fax: \u00a0 \u00a0 \u00a0 91.570.71.99 E-mail:\u00a0valles@bufetvalles.com BARCELONA Via Laietana 40, Principal 2\u00aa \/ 1a Planta. 08003 Barcelona Tel\u00e8fon: 93.268.25.54* Fax: \u00a0 \u00a0 \u00a0 93.268.39.80 E-mail:\u00a0valles@bufetvalles.com<\/p>\n","protected":false},"author":1,"featured_media":0,"parent":0,"menu_order":0,"comment_status":"closed","ping_status":"closed","template":"","meta":{"_et_pb_use_builder":"on","_et_pb_old_content":"","_et_gb_content_width":"","footnotes":""},"class_list":["post-334","page","type-page","status-publish","hentry"],"yoast_head":"<!-- This site is optimized with the Yoast SEO plugin v23.4 - https:\/\/yoast.com\/wordpress\/plugins\/seo\/ -->\n<title>CONTACT - BUFET VALL\u00c8S ARB\u00d3S<\/title>\n<meta name=\"robots\" content=\"index, follow, max-snippet:-1, max-image-preview:large, max-video-preview:-1\" \/>\n<link rel=\"canonical\" href=\"https:\/\/bufet-valles.com\/fr\/contact\/\" \/>\n<meta property=\"og:locale\" content=\"fr_FR\" \/>\n<meta property=\"og:type\" content=\"article\" \/>\n<meta property=\"og:title\" content=\"CONTACT - BUFET VALL\u00c8S ARB\u00d3S\" \/>\n<meta property=\"og:description\" content=\"MADRID Paseo de la Castellana\u00a0141, 19a Planta 28046 Madrid Tel\u00e8fon: 91.749.80.92* Fax: \u00a0 \u00a0 \u00a0 91.570.71.99 E-mail:\u00a0valles@bufetvalles.com BARCELONA Via Laietana 40, Principal 2\u00aa \/ 1a Planta. 08003 Barcelona Tel\u00e8fon: 93.268.25.54* Fax: \u00a0 \u00a0 \u00a0 93.268.39.80 E-mail:\u00a0valles@bufetvalles.com\" \/>\n<meta property=\"og:url\" content=\"https:\/\/bufet-valles.com\/fr\/contact\/\" \/>\n<meta property=\"og:site_name\" content=\"BUFET VALL\u00c8S ARB\u00d3S\" \/>\n<meta property=\"article:modified_time\" content=\"2024-09-26T11:41:24+00:00\" \/>\n<meta name=\"twitter:card\" content=\"summary_large_image\" \/>\n<meta name=\"twitter:label1\" content=\"Dur\u00e9e de lecture estim\u00e9e\" \/>\n\t<meta name=\"twitter:data1\" content=\"3 minutes\" \/>\n<script type=\"application\/ld+json\" class=\"yoast-schema-graph\">{\"@context\":\"https:\/\/schema.org\",\"@graph\":[{\"@type\":\"WebPage\",\"@id\":\"https:\/\/bufet-valles.com\/fr\/contact\/\",\"url\":\"https:\/\/bufet-valles.com\/fr\/contact\/\",\"name\":\"CONTACT - BUFET VALL\u00c8S ARB\u00d3S\",\"isPartOf\":{\"@id\":\"https:\/\/bufet-valles.com\/#website\"},\"datePublished\":\"2017-05-05T12:29:18+00:00\",\"dateModified\":\"2024-09-26T11:41:24+00:00\",\"breadcrumb\":{\"@id\":\"https:\/\/bufet-valles.com\/fr\/contact\/#breadcrumb\"},\"inLanguage\":\"fr-FR\",\"potentialAction\":[{\"@type\":\"ReadAction\",\"target\":[\"https:\/\/bufet-valles.com\/fr\/contact\/\"]}]},{\"@type\":\"BreadcrumbList\",\"@id\":\"https:\/\/bufet-valles.com\/fr\/contact\/#breadcrumb\",\"itemListElement\":[{\"@type\":\"ListItem\",\"position\":1,\"name\":\"Portada\",\"item\":\"https:\/\/bufet-valles.com\/fr\/home\/\"},{\"@type\":\"ListItem\",\"position\":2,\"name\":\"CONTACT\"}]},{\"@type\":\"WebSite\",\"@id\":\"https:\/\/bufet-valles.com\/#website\",\"url\":\"https:\/\/bufet-valles.com\/\",\"name\":\"BUFET VALLES ADVOCATS BARCELONA\",\"description\":\"ESPECIALITIZATS EN DRET CIVIL, MERCANTIL, IMMOBILIARI, CONCURSAL I DRET PROCESAL I PENAL ECON\u00d2MIC\",\"potentialAction\":[{\"@type\":\"SearchAction\",\"target\":{\"@type\":\"EntryPoint\",\"urlTemplate\":\"https:\/\/bufet-valles.com\/?s={search_term_string}\"},\"query-input\":{\"@type\":\"PropertyValueSpecification\",\"valueRequired\":true,\"valueName\":\"search_term_string\"}}],\"inLanguage\":\"fr-FR\"}]}<\/script>\n<!-- \/ Yoast SEO plugin. -->","yoast_head_json":{"title":"CONTACT - BUFET VALL\u00c8S ARB\u00d3S","robots":{"index":"index","follow":"follow","max-snippet":"max-snippet:-1","max-image-preview":"max-image-preview:large","max-video-preview":"max-video-preview:-1"},"canonical":"https:\/\/bufet-valles.com\/fr\/contact\/","og_locale":"fr_FR","og_type":"article","og_title":"CONTACT - BUFET VALL\u00c8S ARB\u00d3S","og_description":"MADRID Paseo de la Castellana\u00a0141, 19a Planta 28046 Madrid Tel\u00e8fon: 91.749.80.92* Fax: \u00a0 \u00a0 \u00a0 91.570.71.99 E-mail:\u00a0valles@bufetvalles.com BARCELONA Via Laietana 40, Principal 2\u00aa \/ 1a Planta. 08003 Barcelona Tel\u00e8fon: 93.268.25.54* Fax: \u00a0 \u00a0 \u00a0 93.268.39.80 E-mail:\u00a0valles@bufetvalles.com","og_url":"https:\/\/bufet-valles.com\/fr\/contact\/","og_site_name":"BUFET VALL\u00c8S ARB\u00d3S","article_modified_time":"2024-09-26T11:41:24+00:00","twitter_card":"summary_large_image","twitter_misc":{"Dur\u00e9e de lecture estim\u00e9e":"3 minutes"},"schema":{"@context":"https:\/\/schema.org","@graph":[{"@type":"WebPage","@id":"https:\/\/bufet-valles.com\/fr\/contact\/","url":"https:\/\/bufet-valles.com\/fr\/contact\/","name":"CONTACT - BUFET VALL\u00c8S ARB\u00d3S","isPartOf":{"@id":"https:\/\/bufet-valles.com\/#website"},"datePublished":"2017-05-05T12:29:18+00:00","dateModified":"2024-09-26T11:41:24+00:00","breadcrumb":{"@id":"https:\/\/bufet-valles.com\/fr\/contact\/#breadcrumb"},"inLanguage":"fr-FR","potentialAction":[{"@type":"ReadAction","target":["https:\/\/bufet-valles.com\/fr\/contact\/"]}]},{"@type":"BreadcrumbList","@id":"https:\/\/bufet-valles.com\/fr\/contact\/#breadcrumb","itemListElement":[{"@type":"ListItem","position":1,"name":"Portada","item":"https:\/\/bufet-valles.com\/fr\/home\/"},{"@type":"ListItem","position":2,"name":"CONTACT"}]},{"@type":"WebSite","@id":"https:\/\/bufet-valles.com\/#website","url":"https:\/\/bufet-valles.com\/","name":"BUFET VALLES ADVOCATS BARCELONA","description":"ESPECIALITIZATS EN DRET CIVIL, MERCANTIL, IMMOBILIARI, CONCURSAL I DRET PROCESAL I PENAL ECON\u00d2MIC","potentialAction":[{"@type":"SearchAction","target":{"@type":"EntryPoint","urlTemplate":"https:\/\/bufet-valles.com\/?s={search_term_string}"},"query-input":{"@type":"PropertyValueSpecification","valueRequired":true,"valueName":"search_term_string"}}],"inLanguage":"fr-FR"}]}},"_links":{"self":[{"href":"https:\/\/bufet-valles.com\/fr\/wp-json\/wp\/v2\/pages\/334"}],"collection":[{"href":"https:\/\/bufet-valles.com\/fr\/wp-json\/wp\/v2\/pages"}],"about":[{"href":"https:\/\/bufet-valles.com\/fr\/wp-json\/wp\/v2\/types\/page"}],"author":[{"embeddable":true,"href":"https:\/\/bufet-valles.com\/fr\/wp-json\/wp\/v2\/users\/1"}],"replies":[{"embeddable":true,"href":"https:\/\/bufet-valles.com\/fr\/wp-json\/wp\/v2\/comments?post=334"}],"version-history":[{"count":5,"href":"https:\/\/bufet-valles.com\/fr\/wp-json\/wp\/v2\/pages\/334\/revisions"}],"predecessor-version":[{"id":516,"href":"https:\/\/bufet-valles.com\/fr\/wp-json\/wp\/v2\/pages\/334\/revisions\/516"}],"wp:attachment":[{"href":"https:\/\/bufet-valles.com\/fr\/wp-json\/wp\/v2\/media?parent=334"}],"curies":[{"name":"wp","href":"https:\/\/api.w.org\/{rel}","templated":true}]}}